{"id":1054,"date":"2022-11-21T15:27:06","date_gmt":"2022-11-21T15:27:06","guid":{"rendered":"https:\/\/calvagni.com\/?page_id=1054"},"modified":"2025-10-08T19:13:56","modified_gmt":"2025-10-08T19:13:56","slug":"politica-de-privacidad","status":"publish","type":"page","link":"https:\/\/calvagni.com\/es\/politica-de-privacidad\/","title":{"rendered":"Politica de privacidad"},"content":{"rendered":"\n<div style=\"height:50px\" aria-hidden=\"true\" class=\"wp-block-spacer\"><\/div>\n\n\n\n<h3 class=\"wp-block-heading has-text-align-center has-background\" style=\"background-color:#f7f7f7\">POL\u00cdTICA DE PRIVACIDAD<\/h3>\n\n\n\n<div style=\"height:50px\" aria-hidden=\"true\" class=\"wp-block-spacer\"><\/div>\n\n\n\n<hr class=\"wp-block-separator has-text-color has-alpha-channel-opacity has-background is-style-wide\" style=\"background-color:#d7d7d7;color:#d7d7d7\"\/>\n\n\n\n<div style=\"height:30px\" aria-hidden=\"true\" class=\"wp-block-spacer\"><\/div>\n\n\n\n<p>INFORMACI\u00d3N<\/p>\n\n\n\n<p>A trav\u00e9s de este aviso legal, informamos a los usuarios del sitio web <a href=\"https:\/\/calvagni.com\">calvagni.com<\/a> de lo siguiente: El propietario del sitio web es CAROLINA CALVAGNI S.L. con n\u00famero de identificaci\u00f3n B44587582.<\/p>\n\n\n\n<p>El propietario del sitio web <a href=\"https:\/\/calvagni.com\">calvagni.com<\/a> tiene su domicilio social en Av. Diagonal 534 EP &#8211; 08006 &#8211; Barcelona (Espa\u00f1a). Contacto: <a href=\"mailto:hello@calvagni.com\">hello@calvagni.com<\/a><\/p>\n\n\n\n<div style=\"height:30px\" aria-hidden=\"true\" class=\"wp-block-spacer\"><\/div>\n\n\n\n<p>ACEPTACION DEL USUARIO<\/p>\n\n\n\n<p>El usuario del sitio web acepta total e incondicionalmente las disposiciones incluidas en este Aviso Legal, en la versi\u00f3n publicada por CAROLINA CALVAGNI S.L. a partir del momento preciso en que el usuario accede al sitio web.<\/p>\n\n\n\n<p><a href=\"https:\/\/calvagni.com\">calvagni.com<\/a> se reserva el derecho de actualizar o eliminar los contenidos de este sitio web, as\u00ed como de limitar o impedir el acceso a ellos, de forma temporal o permanente, sin previo aviso.<\/p>\n\n\n\n<p>El sitio web tiene un car\u00e1cter meramente informativo, a excepci\u00f3n de las secciones que requieren que el usuario se registre.<\/p>\n\n\n\n<div style=\"height:30px\" aria-hidden=\"true\" class=\"wp-block-spacer\"><\/div>\n\n\n\n<p>CONDICIONES&nbsp;<\/p>\n\n\n\n<p>El sitio web <a href=\"https:\/\/calvagni.com\">calvagni.com<\/a> se puede visitar libremente y el usuario se compromete a utilizar sus contenidos y servicios de conformidad con la ley, con las normas \u00e9ticas, la buena conducta y el presente Aviso Legal. A tal fin, el usuario deber\u00e1 abstenerse de utilizar el sitio web para fines que sean ilegales, prohibidos y perjudiciales para los derechos e intereses de terceros.<\/p>\n\n\n\n<div style=\"height:30px\" aria-hidden=\"true\" class=\"wp-block-spacer\"><\/div>\n\n\n\n<p>EXCLUSION DE RESPONSABILIDAD<\/p>\n\n\n\n<p>CAROLINA CALVAGNI S.L. no se responsabiliza por ning\u00fan error u omisi\u00f3n en el contenido de este sitio web o en los contenidos o cualquier otro contenido al que se pueda acceder a trav\u00e9s del mismo, ni por da\u00f1os que surjan del uso del sitio web ni por ning\u00fan otro acto realizado basado en la informaci\u00f3n proporcionada en el mismo.<\/p>\n\n\n\n<p>CAROLINA CALVAGNI S.L. no garantiza la ausencia de virus u otros elementos nocivos que puedan causar da\u00f1os o alteraciones en el sistema inform\u00e1tico del usuario, documentos electr\u00f3nicos o archivos, y no ser\u00e1 responsable de los da\u00f1os que dichos elementos puedan causarle al usuario o a terceros.<\/p>\n\n\n\n<div style=\"height:30px\" aria-hidden=\"true\" class=\"wp-block-spacer\"><\/div>\n\n\n\n<p>PROPIEDAD INTELECTUAL E INDUSTRIAL&nbsp;<\/p>\n\n\n\n<p>Todos los derechos de propiedad intelectual e industrial con respecto al sitio web <a href=\"https:\/\/calvagni.com\">calvagni.com<\/a> y sus contenidos (textos, im\u00e1genes, dise\u00f1os, obras de arte creativas, software y c\u00f3digo fuente) pertenecen al propietario del sitio web <a href=\"https:\/\/calvagni.com\">calvagni.com<\/a>. Todos los nombres comerciales, marcas o signos distintivos incluidos en este sitio web est\u00e1n protegidos por la ley y cualquier reproducci\u00f3n, distribuci\u00f3n, comunicaci\u00f3n p\u00fablica y transformaci\u00f3n, total o parcialmente, sin la autorizaci\u00f3n expresa de CAROLINA CALVAGNI S.L. est\u00e1 estrictamente prohibida.<\/p>\n\n\n\n<div style=\"height:50px\" aria-hidden=\"true\" class=\"wp-block-spacer\"><\/div>\n\n\n\n<hr class=\"wp-block-separator has-text-color has-alpha-channel-opacity has-background is-style-wide\" style=\"background-color:#d7d7d7;color:#d7d7d7\"\/>\n\n\n\n<div style=\"height:30px\" aria-hidden=\"true\" class=\"wp-block-spacer\"><\/div>\n\n\n\n<p>POLITICA DE PRIVACIDAD<\/p>\n\n\n\n<p>CAROLINA CALVAGNI S.L. protege los datos personales seg\u00fan lo dispuesto en la Ley Org\u00e1nica de Protecci\u00f3n de Datos (LOPD) y en el Reglamento de Medidas de Seguridad bajo el cual se desarrolla.<\/p>\n\n\n\n<p>CAROLINA CALVAGNI S.L. garantiza la confidencialidad de los datos personales proporcionados por los usuarios y su procesamiento automatizado de acuerdo con la legislaci\u00f3n vigente sobre protecci\u00f3n de datos personales, as\u00ed como con todas las dem\u00e1s reglamentaciones aplicables en esta materia.<\/p>\n\n\n\n<p>Los datos personales recopilados se procesar\u00e1n autom\u00e1ticamente y se incorporar\u00e1n en los archivos autom\u00e1ticos correspondientes con el fin de mantener la relaci\u00f3n establecida entre las partes, as\u00ed como la administraci\u00f3n y prestaci\u00f3n de los servicios. Es obligatorio contestar todas las preguntas sobre datos personales indicados como tales en el Formulario de contacto.<\/p>\n\n\n\n<p>CAROLINA CALVAGNI S.L. no utilizar\u00e1 sus datos personales para ning\u00fan otro fin que no sean los mencionados anteriormente, a menos que en el sitio calvagni.com se facilite a los usuarios un plazo razonable para ejercer su derecho a oponerse a la recopilaci\u00f3n de datos personales.<\/p>\n\n\n\n<p>Los usuarios pueden ejercer su derecho de acceso, cancelaci\u00f3n, rectificaci\u00f3n y oposici\u00f3n al procesamiento, uso y asignaci\u00f3n de sus datos mediante comunicaci\u00f3n escrita dirigida a CAROLINA CALVAGNI S.L. a la direcci\u00f3n de correo electr\u00f3nico hello@calvagni.com<\/p>\n\n\n\n<p>CAROLINA CALVAGNI S.L. no asignar\u00e1 los datos personales de los usuarios recopilados a trav\u00e9s del sitio web a terceros sin el consentimiento expreso de los usuarios.<\/p>\n\n\n\n<p>Con el objetivo de ofrecerte los m\u00e9todos de pago de <a href=\"https:\/\/stripe.com\/\" rel=\"nofollow noopener\" target=\"_blank\">Stripe<\/a>, en el momento del pago, podr\u00edamos transmitir a Stripe durante el proceso de compra tus datos personales incluidos en el formulario de contacto y detalles de los pedidos, de tal forma que Stripe pueda evaluar si cumples con los requisitos para acceder a sus m\u00e9todos de pago y para adaptar dichos m\u00e9todos de pago a tu perfil. Tus datos personales son tratados en conformidad con lo establecido en la <a href=\"https:\/\/www.klarna.com\/international\/privacy-policy\/\" rel=\"nofollow noopener\" target=\"_blank\">pol\u00edtica de privacidad de Stripe.<\/a><\/p>\n\n\n\n<div style=\"height:30px\" aria-hidden=\"true\" class=\"wp-block-spacer\"><\/div>\n\n\n\n<p>ENLACES<\/p>\n\n\n\n<p>CAROLINA CALVAGNI, S.L. no asume ninguna responsabilidad por el contenido, la informaci\u00f3n o los servicios ofrecidos en los enlaces provistos en nuestra Web, que son meramente informativos.<\/p>\n\n\n\n<p>El Usuario deber\u00e1 leer y, en su caso, aceptar, las condiciones de uso y privacidad establecidas en los Sitios Web enlazados.<\/p>\n\n\n\n<div style=\"height:30px\" aria-hidden=\"true\" class=\"wp-block-spacer\"><\/div>\n\n\n\n<p>JURISDICCI\u00d3N APLICABLE<\/p>\n\n\n\n<p>El uso de nuestra p\u00e1gina web y los contratos de compra de productos a trav\u00e9s dicha p\u00e1gina web se regir\u00e1n por la legislaci\u00f3n espa\u00f1ola.<\/p>\n\n\n\n<p>Cualquier controversia que surja o guarde relaci\u00f3n con el uso de la p\u00e1gina web o con dichos contratos ser\u00e1 sometida a la jurisdicci\u00f3n exclusiva de los juzgados y tribunales espa\u00f1oles.<\/p>\n\n\n\n<div style=\"height:50px\" aria-hidden=\"true\" class=\"wp-block-spacer\"><\/div>\n\n\n\n<hr class=\"wp-block-separator has-text-color has-alpha-channel-opacity has-background is-style-wide\" style=\"background-color:#d7d7d7;color:#d7d7d7\"\/>\n\n\n\n<div style=\"height:30px\" aria-hidden=\"true\" class=\"wp-block-spacer\"><\/div>\n\n\n\n<p>POL\u00cdTICA DE COOKIES<\/p>\n\n\n\n<p>CAROLINA CALVAGNI, S.L. tambi\u00e9n utiliza cookies anal\u00edticas, instaladas por Google Analytics, un servicio proporcionado por Google, Inc., una compa\u00f1\u00eda de Delaware ubicada en 1600 Amphitheatre Parkway, Mountain View (California), CA 94043, Estados Unidos (\u201cGoogle\u201d). Las cookies utilizadas por Google Analytics analizan las estad\u00edsticas y, de forma an\u00f3nima, el uso que los usuarios pueden hacer del sitio web. Para la instalaci\u00f3n de este tipo de cookies se solicitar\u00e1 el consentimiento previo de los usuarios. La informaci\u00f3n generada por estas cookies (incluida su direcci\u00f3n IP), en su caso, ser\u00e1 transmitida y almacenada directamente por Google en sus servidores en los Estados Unidos. Google usar\u00e1 esta informaci\u00f3n para la cuenta de CAROLINA CALVAGNI, S.L. con el objetivo de analizar el uso del sitio web y generar informes estad\u00edsticos de actividades como el origen de las visitas, las secciones m\u00e1s populares, etc. Google puede transferir esta informaci\u00f3n a terceros cuando as\u00ed lo requiera la legislaci\u00f3n, o cuando los terceros mencionados procesen esa informaci\u00f3n en nombre de Google. Google no asociar\u00e1 su direcci\u00f3n IP con ning\u00fan otro dato en poder de Google.<\/p>\n\n\n\n<p>Para obtener m\u00e1s informaci\u00f3n sobre las cookies utilizadas por el servicio de Google Analytics, haga clic aqu\u00ed. Adem\u00e1s, Google Analytics ha desarrollado una herramienta que el usuario puede instalar en el navegador si no quiere que se le rastree mediante sus cookies <a href=\"https:\/\/tools.google.com\/dlpage\/gaoptout?hl=es\" rel=\"nofollow noopener\" target=\"_blank\">https:\/\/tools.google.com\/dlpage\/gaoptout?hl=es<\/a>.<\/p>\n\n\n\n<p>A continuaci\u00f3n le informamos sobre las cookies que utilizamos y la forma de deshabilitar su uso:<\/p>\n\n\n\n<p>Para analizar y optimizar la funcionalidad de nuestro sitio web, utilizamos las siguientes cookies: Las cookies principales de Google Analytics, que son _utma, _utmb, _utmc, _utmz, la informaci\u00f3n an\u00f3nima que proporcionan se basa en la interacci\u00f3n del usuario con el sitio web.<\/p>\n\n\n\n<p>Se puede encontrar m\u00e1s informaci\u00f3n <a href=\"https:\/\/bit.ly\/3IsmHcO\" rel=\"nofollow noopener\" target=\"_blank\">aqui<\/a>.&nbsp;<\/p>\n\n\n\n<p>Utilizamos Cookies propias y de terceros para mejorar la experiencia de usuario en la p\u00e1gina. Si sigues navegando aceptas su uso<\/p>\n\n\n\n<p>Las cookies son peque\u00f1os archivos de texto que las p\u00e1ginas web pueden utilizar para hacer m\u00e1s eficiente la experiencia del usuario.<\/p>\n\n\n\n<p>La ley afirma que podemos almacenar cookies en su dispositivo si son estrictamente necesarias para el funcionamiento de esta p\u00e1gina. Para todos los dem\u00e1s tipos de cookies necesitamos su permiso.<\/p>\n\n\n\n<p>Esta p\u00e1gina utiliza tipos diferentes de cookies. Algunas cookies son colocadas por servicios de terceros que aparecen en nuestras p\u00e1ginas.<\/p>\n\n\n\n<p>En cualquier momento puede cambiar o retirar su consentimiento desde la Declaraci\u00f3n de cookies en nuestro sitio web.<\/p>\n\n\n\n<p>Obtenga m\u00e1s informaci\u00f3n sobre qui\u00e9nes somos, c\u00f3mo puede contactarnos y c\u00f3mo procesamos los datos personales en nuestra Pol\u00edtica de privacidad.<\/p>\n\n\n\n<p>Su consentimiento se aplica a los siguientes dominios: calvagni.com<\/p>\n\n\n\n<p>Declaraci\u00f3n de cookies actualizada por \u00faltima vez el 09\/04\/2019 por Cookiebot<\/p>\n\n\n\n<p>Las cookies necesarias ayudan a hacer una p\u00e1gina web utilizable activando funciones b\u00e1sicas como la navegaci\u00f3n en la p\u00e1gina y el acceso a \u00e1reas seguras de la p\u00e1gina web. La p\u00e1gina web no puede funcionar adecuadamente sin estas cookies.<\/p>\n\n\n\n<p>Si desea evitar el uso de cookies, ofrecemos la siguiente informaci\u00f3n sobre los principales navegadores: <a href=\"https:\/\/support.google.com\/chrome\/answer\/95647?hl=es&amp;ref_topic=7438325\" rel=\"nofollow noopener\" target=\"_blank\">Chrome<\/a> | <a href=\"https:\/\/windows.microsoft.com\/es-es\/windows7\/how-to-manage-cookies-in-internet-explorer-9\" rel=\"nofollow noopener\" target=\"_blank\">Explorer<\/a> | <a href=\"https:\/\/support.mozilla.org\/es\/products\/firefox\/protect-your-privacy\/cookies\" rel=\"nofollow noopener\" target=\"_blank\">Firefox<\/a> | <a href=\"https:\/\/support.apple.com\/kb\/ph5042\" rel=\"nofollow noopener\" target=\"_blank\">Safari<\/a> | <a href=\"https:\/\/support.apple.com\/kb\/HT1677?viewlocale=es_ES&amp;locale=es_ES\" rel=\"nofollow noopener\" target=\"_blank\">Safari para IOS<\/a> | <a href=\"https:\/\/help.opera.com\/Windows\/11.50\/es-ES\/cookies.html\" rel=\"nofollow noopener\" target=\"_blank\">Opera<\/a><\/p>\n\n\n\n<div style=\"height:50px\" aria-hidden=\"true\" class=\"wp-block-spacer\"><\/div>\n\n\n\n<div style=\"height:30px\" aria-hidden=\"true\" class=\"wp-block-spacer\"><\/div>\n","protected":false},"excerpt":{"rendered":"<p>POL\u00cdTICA DE PRIVACIDAD INFORMACI\u00d3N A trav\u00e9s de este aviso legal, informamos a los usuarios del sitio web calvagni.com de lo siguiente: El propietario del sitio web es CAROLINA CALVAGNI S.L. con n\u00famero de identificaci\u00f3n B44587582. El propietario del sitio web calvagni.com tiene su domicilio social en Av. Diagonal 534 EP &#8211; 08006 &#8211; Barcelona (Espa\u00f1a). [&hellip;]<\/p>\n","protected":false},"author":17,"featured_media":0,"parent":0,"menu_order":0,"comment_status":"closed","ping_status":"open","template":"","meta":{"_acf_changed":false,"inline_featured_image":false,"footnotes":""},"class_list":["post-1054","page","type-page","status-publish","hentry"],"acf":[],"_links":{"self":[{"href":"https:\/\/calvagni.com\/es\/wp-json\/wp\/v2\/pages\/1054","targetHints":{"allow":["GET"]}}],"collection":[{"href":"https:\/\/calvagni.com\/es\/wp-json\/wp\/v2\/pages"}],"about":[{"href":"https:\/\/calvagni.com\/es\/wp-json\/wp\/v2\/types\/page"}],"author":[{"embeddable":true,"href":"https:\/\/calvagni.com\/es\/wp-json\/wp\/v2\/users\/17"}],"replies":[{"embeddable":true,"href":"https:\/\/calvagni.com\/es\/wp-json\/wp\/v2\/comments?post=1054"}],"version-history":[{"count":0,"href":"https:\/\/calvagni.com\/es\/wp-json\/wp\/v2\/pages\/1054\/revisions"}],"wp:attachment":[{"href":"https:\/\/calvagni.com\/es\/wp-json\/wp\/v2\/media?parent=1054"}],"curies":[{"name":"wp","href":"https:\/\/api.w.org\/{rel}","templated":true}]}}