{"id":3225,"date":"2022-12-22T15:22:10","date_gmt":"2022-12-22T15:22:10","guid":{"rendered":"https:\/\/calvagni.com\/?page_id=3225"},"modified":"2025-09-18T21:35:31","modified_gmt":"2025-09-18T21:35:31","slug":"registrate","status":"publish","type":"page","link":"https:\/\/calvagni.com\/es\/registrate\/","title":{"rendered":"Registrate"},"content":{"rendered":"\n<div style=\"height:31px\" aria-hidden=\"true\" class=\"wp-block-spacer\"><\/div>\n\n\n\n<h3 class=\"wp-block-heading has-text-align-center\">\u00daNETE AL C CLUB<\/h3>\n\n\n\n<div style=\"height:31px\" aria-hidden=\"true\" class=\"wp-block-spacer\"><\/div>\n\n\n\n<p class=\"has-text-align-center has-normal-font-size\"><strong>Al crear tu cuenta podr\u00e1s: <\/strong><\/p>\n\n\n\n<p class=\"has-text-align-center has-normal-font-size\">Ser parte de nuestro exclusivo C Club<br>Juntar puntos para obtener beneficios<br>Hacer el seguimiento de tus compras<br>\u00danete ahora!<\/p>\n\n\n<div class=\" md:max-w-xs mx-auto py-1\">\n    <form class=\"font-montserrat md:py-12 py-8\" action=\"https:\/\/calvagni.com\/es\/registrate\/\" method=\"POST\" x-data='registerForm({\"strings\":{\"sign_in\":\"Sign_in\",\"required_field\":\"Complete el campo\",\"email_invalid\":\"This email is invalid\",\"field_at_least\":\"This field must be at least\",\"characters\":\"characters\",\"matchingpassword\":\"Las contrase\\u00f1as no coinciden\"}})' @focusout=\"change()\" @input=\"change()\" @submit.prevent=\"submit()\">\n        <div class=\"mb-4 input-container\">\n                               <label class=\"hidden\" for=\"register-email\">e-mail *<\/label>\n                        <div class=\"relative\">\n                <input \n                id=\"register-email\" \n                name=\"email\"\n                class=\"mb-2 fw-lowercase w-full block border-black border-b px-4 py-2\" \n                type=\"email\" \n                data-rules=\"required|email\" \n                placeholder=\"e-mail\">\n                <div class=\"absolute inset-y-0 right-0 flex items-center text-sm leading-5\">\n                    <svg xmlns=\"http:\/\/www.w3.org\/2000\/svg\" fill=\"none\" viewBox=\"0 0 24 24\" stroke-width=\"1.5\" stroke=\"currentColor\" class=\"w-4 h-4\">\n                        <path stroke-linecap=\"round\" stroke-linejoin=\"round\" d=\"M8.25 4.5l7.5 7.5-7.5 7.5\" \/>\n                    <\/svg>\n                <\/div>\n            <\/div>\n        <\/div>\n        <div class=\"mb-4 input-container\">\n                               <label class=\"hidden\" for=\"register-password\">Contrase\u00f1a *<\/label>\n                        <div x-data=\"{ show: true }\" class=\"relative\">\n                <input \n                    id=\"register-password\"\n                    name=\"password\"\n                    :type=\"show ? 'password' : 'text'\" \n                    placeholder=\"Contrase\u00f1a\"\n                    data-rules=\"required|minimum:6\"\n                    class=\" fw-lowercase w-full block border-black border-b px-4 py-2\">\n                <div x-cloak class=\"absolute inset-y-0 right-0 flex items-center text-sm leading-5\">\n                    <svg class=\"h-6 text-gray-500 cursor-pointer\" fill=\"none\" @click=\"show = !show\"\n                    :class=\"{'hidden': !show, 'block':show }\" xmlns=\"http:\/\/www.w3.org\/2000\/svg\"\n                    viewbox=\"0 0 576 512\">\n                        <path fill=\"currentColor\"\n                            d=\"M572.52 241.4C518.29 135.59 410.93 64 288 64S57.68 135.64 3.48 241.41a32.35 32.35 0 0 0 0 29.19C57.71 376.41 165.07 448 288 448s230.32-71.64 284.52-177.41a32.35 32.35 0 0 0 0-29.19zM288 400a144 144 0 1 1 144-144 143.93 143.93 0 0 1-144 144zm0-240a95.31 95.31 0 0 0-25.31 3.79 47.85 47.85 0 0 1-66.9 66.9A95.78 95.78 0 1 0 288 160z\">\n                        <\/path>\n                    <\/svg>\n                    <svg x-cloak class=\"h-6 text-gray-500 cursor-pointer\" style=\"margin-right: -2px;\" fill=\"none\" @click=\"show = !show\"\n                    :class=\"{'block': !show, 'hidden':show }\" xmlns=\"http:\/\/www.w3.org\/2000\/svg\"\n                    viewbox=\"0 0 640 512\">\n                        <path fill=\"currentColor\"\n                            d=\"M320 400c-75.85 0-137.25-58.71-142.9-133.11L72.2 185.82c-13.79 17.3-26.48 35.59-36.72 55.59a32.35 32.35 0 0 0 0 29.19C89.71 376.41 197.07 448 320 448c26.91 0 52.87-4 77.89-10.46L346 397.39a144.13 144.13 0 0 1-26 2.61zm313.82 58.1l-110.55-85.44a331.25 331.25 0 0 0 81.25-102.07 32.35 32.35 0 0 0 0-29.19C550.29 135.59 442.93 64 320 64a308.15 308.15 0 0 0-147.32 37.7L45.46 3.37A16 16 0 0 0 23 6.18L3.37 31.45A16 16 0 0 0 6.18 53.9l588.36 454.73a16 16 0 0 0 22.46-2.81l19.64-25.27a16 16 0 0 0-2.82-22.45zm-183.72-142l-39.3-30.38A94.75 94.75 0 0 0 416 256a94.76 94.76 0 0 0-121.31-92.21A47.65 47.65 0 0 1 304 192a46.64 46.64 0 0 1-1.54 10l-73.61-56.89A142.31 142.31 0 0 1 320 112a143.92 143.92 0 0 1 144 144c0 21.63-5.29 41.79-13.9 60.11z\">\n                        <\/path>\n                    <\/svg>\n                <\/div>\n            <\/div>\n        <\/div>\n        <div class=\"mb-4 input-container\">\n                               <label class=\"hidden\" for=\"register-repeat-password\">Repetir contrase\u00f1a<\/label>\n                        <div x-data=\"{ show: true }\" class=\"relative mb-2\">\n                <input \n                    id=\"register-password_repeat\"\n                    name=\"password_repeat\"\n                    :type=\"show ? 'password' : 'text'\" \n                    data-rules=\"matchingpassword:register-password\" \n                    placeholder=\"Repetir contrase\u00f1a\" \n                    class=\" fw-lowercase w-full block border-black border-b px-4 py-2\">\n                <div class=\"absolute inset-y-0 right-0 flex items-center text-sm leading-5\">\n                    <svg class=\"h-6 text-gray-500  cursor-pointer\" fill=\"none\" @click=\"show = !show\"\n                    :class=\"{'hidden': !show, 'block':show }\" xmlns=\"http:\/\/www.w3.org\/2000\/svg\"\n                    viewbox=\"0 0 576 512\">\n                        <path fill=\"currentColor\"\n                            d=\"M572.52 241.4C518.29 135.59 410.93 64 288 64S57.68 135.64 3.48 241.41a32.35 32.35 0 0 0 0 29.19C57.71 376.41 165.07 448 288 448s230.32-71.64 284.52-177.41a32.35 32.35 0 0 0 0-29.19zM288 400a144 144 0 1 1 144-144 143.93 143.93 0 0 1-144 144zm0-240a95.31 95.31 0 0 0-25.31 3.79 47.85 47.85 0 0 1-66.9 66.9A95.78 95.78 0 1 0 288 160z\">\n                        <\/path>\n                    <\/svg>\n                    <svg x-cloak class=\"h-6 text-gray-500 cursor-pointer\" fill=\"none\" @click=\"show = !show\"\n                    :class=\"{'block': !show, 'hidden':show }\" xmlns=\"http:\/\/www.w3.org\/2000\/svg\"\n                    viewbox=\"0 0 640 512\">\n                        <path fill=\"currentColor\"\n                            d=\"M320 400c-75.85 0-137.25-58.71-142.9-133.11L72.2 185.82c-13.79 17.3-26.48 35.59-36.72 55.59a32.35 32.35 0 0 0 0 29.19C89.71 376.41 197.07 448 320 448c26.91 0 52.87-4 77.89-10.46L346 397.39a144.13 144.13 0 0 1-26 2.61zm313.82 58.1l-110.55-85.44a331.25 331.25 0 0 0 81.25-102.07 32.35 32.35 0 0 0 0-29.19C550.29 135.59 442.93 64 320 64a308.15 308.15 0 0 0-147.32 37.7L45.46 3.37A16 16 0 0 0 23 6.18L3.37 31.45A16 16 0 0 0 6.18 53.9l588.36 454.73a16 16 0 0 0 22.46-2.81l19.64-25.27a16 16 0 0 0-2.82-22.45zm-183.72-142l-39.3-30.38A94.75 94.75 0 0 0 416 256a94.76 94.76 0 0 0-121.31-92.21A47.65 47.65 0 0 1 304 192a46.64 46.64 0 0 1-1.54 10l-73.61-56.89A142.31 142.31 0 0 1 320 112a143.92 143.92 0 0 1 144 144c0 21.63-5.29 41.79-13.9 60.11z\">\n                        <\/path>\n                    <\/svg>\n                <\/div>\n            <\/div>\n        <\/div>\n        <p class=\"text-sm error-messages\" x-show=\"notices.length > 0\">\n            <template x-for=\"notice in notices\">\n                <span class=\"error block\" x-html=\"notice\"><\/span>\n            <\/template>\n        <\/p>\n        <div class=\"mt-12 mb-2\">\n            <input type=\"hidden\" id=\"wp-register-nonce\" name=\"wp-register-nonce\" value=\"7b6906ef17\" \/><input type=\"hidden\" name=\"_wp_http_referer\" value=\"\/es\/wp-json\/wp\/v2\/pages\/3225\" \/>            <button x-show=\"!loading && !success\" class=\"theme-button__default w-full text-lg mx-auto block button button__white px-3 py-1 uppercase font-bold\" type=\"submit\">\n                <span>Sign up<\/span>\n            <\/button>\n            <span x-cloak x-show=\"loading && !success\" class=\"w-full mx-auto text-tertiary my-4 block\">\n                <svg class=\"animate-spin mx-auto h-6 w-6 text-primary\" xmlns=\"http:\/\/www.w3.org\/2000\/svg\" fill=\"none\" viewBox=\"0 0 24 24\">\n                    <circle class=\"opacity-25\" cx=\"12\" cy=\"12\" r=\"10\" stroke=\"currentColor\" stroke-width=\"4\"><\/circle>\n                    <path class=\"opacity-75\" fill=\"currentColor\" d=\"M4 12a8 8 0 018-8V0C5.373 0 0 5.373 0 12h4zm2 5.291A7.962 7.962 0 014 12H0c0 3.042 1.135 5.824 3 7.938l3-2.647z\"><\/path>\n                <\/svg>\n            <\/span>\n            <p x-cloak x-show=\"success\" class=\"w-full mx-auto text-secondary text-center\">Redirigiendo...<\/p>\n        <\/div>\n        <div class=\"user-login-link text-xs text-center\">\n            <a href=\"https:\/\/calvagni.com\/es\/ingresar\/\" title=\"\u00bfYa tienes una cuenta?\" class=\"underline\">\u00bfYa tienes una cuenta?<\/a>\n        <\/div>\n    <\/form>\n        <\/div>\n","protected":false},"excerpt":{"rendered":"<p>\u00daNETE AL C CLUB Al crear tu cuenta podr\u00e1s: Ser parte de nuestro exclusivo C ClubJuntar puntos para obtener beneficiosHacer el seguimiento de tus compras\u00danete ahora!<\/p>\n","protected":false},"author":17,"featured_media":0,"parent":0,"menu_order":0,"comment_status":"closed","ping_status":"closed","template":"","meta":{"_acf_changed":false,"inline_featured_image":false,"footnotes":""},"class_list":["post-3225","page","type-page","status-publish","hentry"],"acf":[],"_links":{"self":[{"href":"https:\/\/calvagni.com\/es\/wp-json\/wp\/v2\/pages\/3225","targetHints":{"allow":["GET"]}}],"collection":[{"href":"https:\/\/calvagni.com\/es\/wp-json\/wp\/v2\/pages"}],"about":[{"href":"https:\/\/calvagni.com\/es\/wp-json\/wp\/v2\/types\/page"}],"author":[{"embeddable":true,"href":"https:\/\/calvagni.com\/es\/wp-json\/wp\/v2\/users\/17"}],"replies":[{"embeddable":true,"href":"https:\/\/calvagni.com\/es\/wp-json\/wp\/v2\/comments?post=3225"}],"version-history":[{"count":0,"href":"https:\/\/calvagni.com\/es\/wp-json\/wp\/v2\/pages\/3225\/revisions"}],"wp:attachment":[{"href":"https:\/\/calvagni.com\/es\/wp-json\/wp\/v2\/media?parent=3225"}],"curies":[{"name":"wp","href":"https:\/\/api.w.org\/{rel}","templated":true}]}}