{"id":4055,"date":"2023-09-21T11:06:19","date_gmt":"2023-09-21T11:06:19","guid":{"rendered":"https:\/\/calvagni.com\/?page_id=4055"},"modified":"2025-03-26T18:43:47","modified_gmt":"2025-03-26T18:43:47","slug":"nuestra-guia-de-tallas","status":"publish","type":"page","link":"https:\/\/calvagni.com\/es\/nuestra-guia-de-tallas\/","title":{"rendered":"NUESTRA GU\u00cdA DE TALLAS"},"content":{"rendered":"\n<div class=\"wp-block-columns is-layout-flex wp-container-core-columns-is-layout-28f84493 wp-block-columns-is-layout-flex\">\n<div class=\"wp-block-column is-layout-flow wp-block-column-is-layout-flow\" style=\"flex-basis:20%\"><\/div>\n\n\n\n<div class=\"wp-block-column is-layout-flow wp-block-column-is-layout-flow\" style=\"flex-basis:60%\">\n<div style=\"height:50px\" aria-hidden=\"true\" class=\"wp-block-spacer\"><\/div>\n\n\n\n<h3 class=\"wp-block-heading has-text-align-center\">Nuestra gu\u00eda de tallas<\/h3>\n\n\n\n<div style=\"height:50px\" aria-hidden=\"true\" class=\"wp-block-spacer\"><\/div>\n\n\n\n<p class=\"has-text-align-center\">En Calvagni sabemos lo importante que es la talla correcta y el ajuste perfecto para lucir y sentirse incre\u00edble. Bas\u00e1ndonos en los comentarios de nuestros clientes y en estrecha colaboraci\u00f3n con los atletas, hemos desarrollado productos que son fieles a las tallas y se ajustan perfectamente al cuerpo femenino.<\/p>\n\n\n\n<p class=\"has-text-align-center\">Aqu\u00ed encontrar\u00e1s una tabla especial con tallas recomendadas para cada tipo de cuerpo.<br>Busca tu producto favorito y las medidas que mejor se adaptan a ti.<\/p>\n\n\n\n<div style=\"height:50px\" aria-hidden=\"true\" class=\"wp-block-spacer\"><\/div>\n\n\n<section\n    data-name=\"acf-block-tabs\"\n    id=\"block_9f4402f74aae28d7555b1da3d8af1039\"\n    class=\"  \"\n    style=\"\"\n>\n    <div class=\"container w-full mx-auto px-0\">\n                    <div class=\"tabs-wrapper w-full\" x-data=\"{ activeTab:  0 }\">\n                    <div class=\"flex items-center justify-center space-x-2 md:space-x-4 flex-wrap\">\n                                                <div class=\"py-1 px-4 md:px-6 tabs-wrapper mb-2 cursor-pointer flex items-center font-inter text-xs text-black font-normal bg-light-gray opacity-80\" :class=\"{ 'bg-primary active-tab-bg-primary': activeTab === 0 }\" @click=\"activeTab = 0\" class=\"\">\n                                <div>\n                                    CM                                <\/div>\n                            <\/div>\n                                                        <div class=\"py-1 px-4 md:px-6 tabs-wrapper mb-2 cursor-pointer flex items-center font-inter text-xs text-black font-normal bg-light-gray opacity-80\" :class=\"{ 'bg-primary active-tab-bg-primary': activeTab === 1 }\" @click=\"activeTab = 1\" class=\"\">\n                                <div>\n                                    INCHES                                <\/div>\n                            <\/div>\n                                                <\/div>\n                                        <div class=\"relative overflow-hidden tab-panel\" :class=\"{ 'active': activeTab === 0 }\" x-show=\"activeTab === 0\" x-transition.in.opacity.duration.600>\n                            <div class=\"tabs-content pb-2 pt-4 text-sm text-left font-inter text-sm text-black font-normal\">\n                                <div class=\"hidden md:block\"><h2 style=\"text-align: center;\">Pants &amp; Leggings<\/h2>\n<p><img loading=\"lazy\" decoding=\"async\" class=\"aligncenter wp-image-9378 size-full\" src=\"https:\/\/calvagni.com\/wp-content\/uploads\/2022\/12\/Size-Bottoms-Desktop-CM-Esp.jpg\" alt=\"\" width=\"1325\" height=\"531\" srcset=\"https:\/\/calvagni.com\/wp-content\/uploads\/2022\/12\/Size-Bottoms-Desktop-CM-Esp.jpg 1325w, https:\/\/calvagni.com\/wp-content\/uploads\/2022\/12\/Size-Bottoms-Desktop-CM-Esp-1200x481.jpg 1200w, https:\/\/calvagni.com\/wp-content\/uploads\/2022\/12\/Size-Bottoms-Desktop-CM-Esp-300x120.jpg 300w, https:\/\/calvagni.com\/wp-content\/uploads\/2022\/12\/Size-Bottoms-Desktop-CM-Esp-1024x410.jpg 1024w, https:\/\/calvagni.com\/wp-content\/uploads\/2022\/12\/Size-Bottoms-Desktop-CM-Esp-768x308.jpg 768w, https:\/\/calvagni.com\/wp-content\/uploads\/2022\/12\/Size-Bottoms-Desktop-CM-Esp-600x240.jpg 600w\" sizes=\"auto, (max-width: 1325px) 100vw, 1325px\" \/><\/p>\n<p>&nbsp;<\/p>\n<h2 style=\"text-align: center;\">Sudaderas<\/h2>\n<p><img loading=\"lazy\" decoding=\"async\" class=\"aligncenter wp-image-9369 size-full\" src=\"https:\/\/calvagni.com\/wp-content\/uploads\/2025\/03\/Size-Sweatshirt-Desktop-CM-Esp.jpg\" alt=\"\" width=\"1325\" height=\"531\" srcset=\"https:\/\/calvagni.com\/wp-content\/uploads\/2025\/03\/Size-Sweatshirt-Desktop-CM-Esp.jpg 1325w, https:\/\/calvagni.com\/wp-content\/uploads\/2025\/03\/Size-Sweatshirt-Desktop-CM-Esp-1200x481.jpg 1200w, https:\/\/calvagni.com\/wp-content\/uploads\/2025\/03\/Size-Sweatshirt-Desktop-CM-Esp-300x120.jpg 300w, https:\/\/calvagni.com\/wp-content\/uploads\/2025\/03\/Size-Sweatshirt-Desktop-CM-Esp-1024x410.jpg 1024w, https:\/\/calvagni.com\/wp-content\/uploads\/2025\/03\/Size-Sweatshirt-Desktop-CM-Esp-768x308.jpg 768w, https:\/\/calvagni.com\/wp-content\/uploads\/2025\/03\/Size-Sweatshirt-Desktop-CM-Esp-600x240.jpg 600w\" sizes=\"auto, (max-width: 1325px) 100vw, 1325px\" \/><\/p>\n<p>&nbsp;<\/p>\n<h2 style=\"text-align: center;\">Camisetas<\/h2>\n<p><img loading=\"lazy\" decoding=\"async\" class=\"aligncenter wp-image-9340 size-full\" src=\"https:\/\/calvagni.com\/wp-content\/uploads\/2025\/03\/Size-Tshirt-Desktop-CM-Eng.jpg\" alt=\"\" width=\"1136\" height=\"531\" srcset=\"https:\/\/calvagni.com\/wp-content\/uploads\/2025\/03\/Size-Tshirt-Desktop-CM-Eng.jpg 1136w, https:\/\/calvagni.com\/wp-content\/uploads\/2025\/03\/Size-Tshirt-Desktop-CM-Eng-300x140.jpg 300w, https:\/\/calvagni.com\/wp-content\/uploads\/2025\/03\/Size-Tshirt-Desktop-CM-Eng-1024x479.jpg 1024w, https:\/\/calvagni.com\/wp-content\/uploads\/2025\/03\/Size-Tshirt-Desktop-CM-Eng-768x359.jpg 768w, https:\/\/calvagni.com\/wp-content\/uploads\/2025\/03\/Size-Tshirt-Desktop-CM-Eng-600x280.jpg 600w\" sizes=\"auto, (max-width: 1136px) 100vw, 1136px\" \/><\/p>\n<p>&nbsp;<\/p>\n<h2 style=\"text-align: center;\">Sujetadores deportivos &amp; Tank Tops<\/h2>\n<p><img loading=\"lazy\" decoding=\"async\" class=\"aligncenter wp-image-9329 size-full\" src=\"https:\/\/calvagni.com\/wp-content\/uploads\/2025\/03\/Size-Tops-CM-Esp.jpg\" alt=\"\" width=\"1325\" height=\"531\" srcset=\"https:\/\/calvagni.com\/wp-content\/uploads\/2025\/03\/Size-Tops-CM-Esp.jpg 1325w, https:\/\/calvagni.com\/wp-content\/uploads\/2025\/03\/Size-Tops-CM-Esp-1200x481.jpg 1200w, https:\/\/calvagni.com\/wp-content\/uploads\/2025\/03\/Size-Tops-CM-Esp-300x120.jpg 300w, https:\/\/calvagni.com\/wp-content\/uploads\/2025\/03\/Size-Tops-CM-Esp-1024x410.jpg 1024w, https:\/\/calvagni.com\/wp-content\/uploads\/2025\/03\/Size-Tops-CM-Esp-768x308.jpg 768w, https:\/\/calvagni.com\/wp-content\/uploads\/2025\/03\/Size-Tops-CM-Esp-600x240.jpg 600w\" sizes=\"auto, (max-width: 1325px) 100vw, 1325px\" \/><\/p>\n<\/div>\n                                <div class=\"block md:hidden\"><h2><\/h2>\n<h2 style=\"text-align: center;\">Pants &amp; Leggings<\/h2>\n<p><img loading=\"lazy\" decoding=\"async\" class=\"aligncenter wp-image-9380 size-full\" src=\"https:\/\/calvagni.com\/wp-content\/uploads\/2022\/12\/Size-Bottoms-Mobile-CM-Eng.jpg\" alt=\"\" width=\"760\" height=\"1152\" srcset=\"https:\/\/calvagni.com\/wp-content\/uploads\/2022\/12\/Size-Bottoms-Mobile-CM-Eng.jpg 760w, https:\/\/calvagni.com\/wp-content\/uploads\/2022\/12\/Size-Bottoms-Mobile-CM-Eng-198x300.jpg 198w, https:\/\/calvagni.com\/wp-content\/uploads\/2022\/12\/Size-Bottoms-Mobile-CM-Eng-676x1024.jpg 676w, https:\/\/calvagni.com\/wp-content\/uploads\/2022\/12\/Size-Bottoms-Mobile-CM-Eng-396x600.jpg 396w\" sizes=\"auto, (max-width: 760px) 100vw, 760px\" \/><\/p>\n<p>&nbsp;<\/p>\n<h2 style=\"text-align: center;\">Sudaderas<\/h2>\n<p><img loading=\"lazy\" decoding=\"async\" class=\"aligncenter wp-image-9371 size-full\" src=\"https:\/\/calvagni.com\/wp-content\/uploads\/2025\/03\/Size-Sweatshirt-Mobile-CM-Esp.jpg\" alt=\"\" width=\"760\" height=\"1152\" srcset=\"https:\/\/calvagni.com\/wp-content\/uploads\/2025\/03\/Size-Sweatshirt-Mobile-CM-Esp.jpg 760w, https:\/\/calvagni.com\/wp-content\/uploads\/2025\/03\/Size-Sweatshirt-Mobile-CM-Esp-198x300.jpg 198w, https:\/\/calvagni.com\/wp-content\/uploads\/2025\/03\/Size-Sweatshirt-Mobile-CM-Esp-676x1024.jpg 676w, https:\/\/calvagni.com\/wp-content\/uploads\/2025\/03\/Size-Sweatshirt-Mobile-CM-Esp-396x600.jpg 396w\" sizes=\"auto, (max-width: 760px) 100vw, 760px\" \/><\/p>\n<p>&nbsp;<\/p>\n<h2 style=\"text-align: center;\">Camisetas<\/h2>\n<p><img loading=\"lazy\" decoding=\"async\" class=\"aligncenter wp-image-9349 size-full\" src=\"https:\/\/calvagni.com\/wp-content\/uploads\/2025\/03\/Size-Tshirt-Mobile-CM-Esp.jpg\" alt=\"\" width=\"760\" height=\"963\" srcset=\"https:\/\/calvagni.com\/wp-content\/uploads\/2025\/03\/Size-Tshirt-Mobile-CM-Esp.jpg 760w, https:\/\/calvagni.com\/wp-content\/uploads\/2025\/03\/Size-Tshirt-Mobile-CM-Esp-237x300.jpg 237w, https:\/\/calvagni.com\/wp-content\/uploads\/2025\/03\/Size-Tshirt-Mobile-CM-Esp-474x600.jpg 474w\" sizes=\"auto, (max-width: 760px) 100vw, 760px\" \/><\/p>\n<p>&nbsp;<\/p>\n<h2 style=\"text-align: center;\">Sujetadores deportivos &amp; Tank Tops<\/h2>\n<p><img loading=\"lazy\" decoding=\"async\" class=\"aligncenter wp-image-9324 size-full\" src=\"https:\/\/calvagni.com\/wp-content\/uploads\/2025\/03\/Size-Mob-CM-Eng.jpg\" alt=\"\" width=\"760\" height=\"1152\" srcset=\"https:\/\/calvagni.com\/wp-content\/uploads\/2025\/03\/Size-Mob-CM-Eng.jpg 760w, https:\/\/calvagni.com\/wp-content\/uploads\/2025\/03\/Size-Mob-CM-Eng-198x300.jpg 198w, https:\/\/calvagni.com\/wp-content\/uploads\/2025\/03\/Size-Mob-CM-Eng-676x1024.jpg 676w, https:\/\/calvagni.com\/wp-content\/uploads\/2025\/03\/Size-Mob-CM-Eng-396x600.jpg 396w\" sizes=\"auto, (max-width: 760px) 100vw, 760px\" \/><\/p>\n<\/div>\n                            <\/div>\n                        <\/div>\n                                                <div class=\"relative overflow-hidden tab-panel\" :class=\"{ 'active': activeTab === 1 }\" x-show=\"activeTab === 1\" x-transition.in.opacity.duration.600>\n                            <div class=\"tabs-content pb-2 pt-4 text-sm text-left font-inter text-sm text-black font-normal\">\n                                <div class=\"hidden md:block\"><h2 style=\"text-align: center;\">Pants &amp; Leggings<\/h2>\n<p><img loading=\"lazy\" decoding=\"async\" class=\"aligncenter wp-image-9382 size-full\" src=\"https:\/\/calvagni.com\/wp-content\/uploads\/2022\/12\/Size-Bottoms-Desktop-IN-Eng.jpg\" alt=\"\" width=\"1325\" height=\"531\" srcset=\"https:\/\/calvagni.com\/wp-content\/uploads\/2022\/12\/Size-Bottoms-Desktop-IN-Eng.jpg 1325w, https:\/\/calvagni.com\/wp-content\/uploads\/2022\/12\/Size-Bottoms-Desktop-IN-Eng-1200x481.jpg 1200w, https:\/\/calvagni.com\/wp-content\/uploads\/2022\/12\/Size-Bottoms-Desktop-IN-Eng-300x120.jpg 300w, https:\/\/calvagni.com\/wp-content\/uploads\/2022\/12\/Size-Bottoms-Desktop-IN-Eng-1024x410.jpg 1024w, https:\/\/calvagni.com\/wp-content\/uploads\/2022\/12\/Size-Bottoms-Desktop-IN-Eng-768x308.jpg 768w, https:\/\/calvagni.com\/wp-content\/uploads\/2022\/12\/Size-Bottoms-Desktop-IN-Eng-600x240.jpg 600w\" sizes=\"auto, (max-width: 1325px) 100vw, 1325px\" \/><\/p>\n<p>&nbsp;<\/p>\n<h2 style=\"text-align: center;\">Sudaderas<\/h2>\n<p><img loading=\"lazy\" decoding=\"async\" class=\"aligncenter wp-image-9373 size-full\" src=\"https:\/\/calvagni.com\/wp-content\/uploads\/2025\/03\/Size-Sweatshirt-Desktop-IN-Esp.jpg\" alt=\"\" width=\"1325\" height=\"531\" srcset=\"https:\/\/calvagni.com\/wp-content\/uploads\/2025\/03\/Size-Sweatshirt-Desktop-IN-Esp.jpg 1325w, https:\/\/calvagni.com\/wp-content\/uploads\/2025\/03\/Size-Sweatshirt-Desktop-IN-Esp-1200x481.jpg 1200w, https:\/\/calvagni.com\/wp-content\/uploads\/2025\/03\/Size-Sweatshirt-Desktop-IN-Esp-300x120.jpg 300w, https:\/\/calvagni.com\/wp-content\/uploads\/2025\/03\/Size-Sweatshirt-Desktop-IN-Esp-1024x410.jpg 1024w, https:\/\/calvagni.com\/wp-content\/uploads\/2025\/03\/Size-Sweatshirt-Desktop-IN-Esp-768x308.jpg 768w, https:\/\/calvagni.com\/wp-content\/uploads\/2025\/03\/Size-Sweatshirt-Desktop-IN-Esp-600x240.jpg 600w\" sizes=\"auto, (max-width: 1325px) 100vw, 1325px\" \/><\/p>\n<p>&nbsp;<\/p>\n<h2 style=\"text-align: center;\">Camisetas<\/h2>\n<p><img loading=\"lazy\" decoding=\"async\" class=\"aligncenter wp-image-9351 size-full\" src=\"https:\/\/calvagni.com\/wp-content\/uploads\/2025\/03\/Size-Tshirt-Desktop-IN-Esp.jpg\" alt=\"\" width=\"1136\" height=\"531\" srcset=\"https:\/\/calvagni.com\/wp-content\/uploads\/2025\/03\/Size-Tshirt-Desktop-IN-Esp.jpg 1136w, https:\/\/calvagni.com\/wp-content\/uploads\/2025\/03\/Size-Tshirt-Desktop-IN-Esp-300x140.jpg 300w, https:\/\/calvagni.com\/wp-content\/uploads\/2025\/03\/Size-Tshirt-Desktop-IN-Esp-1024x479.jpg 1024w, https:\/\/calvagni.com\/wp-content\/uploads\/2025\/03\/Size-Tshirt-Desktop-IN-Esp-768x359.jpg 768w, https:\/\/calvagni.com\/wp-content\/uploads\/2025\/03\/Size-Tshirt-Desktop-IN-Esp-600x280.jpg 600w\" sizes=\"auto, (max-width: 1136px) 100vw, 1136px\" \/><\/p>\n<p>&nbsp;<\/p>\n<h2 style=\"text-align: center;\">Sujetadores deportivos &amp; Tank Tops<\/h2>\n<p><img loading=\"lazy\" decoding=\"async\" class=\"aligncenter wp-image-9333 size-full\" src=\"https:\/\/calvagni.com\/wp-content\/uploads\/2025\/03\/Size-Tops-IN-Esp.jpg\" alt=\"\" width=\"1325\" height=\"531\" srcset=\"https:\/\/calvagni.com\/wp-content\/uploads\/2025\/03\/Size-Tops-IN-Esp.jpg 1325w, https:\/\/calvagni.com\/wp-content\/uploads\/2025\/03\/Size-Tops-IN-Esp-1200x481.jpg 1200w, https:\/\/calvagni.com\/wp-content\/uploads\/2025\/03\/Size-Tops-IN-Esp-300x120.jpg 300w, https:\/\/calvagni.com\/wp-content\/uploads\/2025\/03\/Size-Tops-IN-Esp-1024x410.jpg 1024w, https:\/\/calvagni.com\/wp-content\/uploads\/2025\/03\/Size-Tops-IN-Esp-768x308.jpg 768w, https:\/\/calvagni.com\/wp-content\/uploads\/2025\/03\/Size-Tops-IN-Esp-600x240.jpg 600w\" sizes=\"auto, (max-width: 1325px) 100vw, 1325px\" \/><\/p>\n<\/div>\n                                <div class=\"block md:hidden\"><h2 style=\"text-align: center;\">Pants &amp; Leggings<\/h2>\n<p><img loading=\"lazy\" decoding=\"async\" class=\"aligncenter wp-image-9384 size-full\" src=\"https:\/\/calvagni.com\/wp-content\/uploads\/2022\/12\/Size-Bottoms-Mobile-IN-Eng.jpg\" alt=\"\" width=\"760\" height=\"1152\" srcset=\"https:\/\/calvagni.com\/wp-content\/uploads\/2022\/12\/Size-Bottoms-Mobile-IN-Eng.jpg 760w, https:\/\/calvagni.com\/wp-content\/uploads\/2022\/12\/Size-Bottoms-Mobile-IN-Eng-198x300.jpg 198w, https:\/\/calvagni.com\/wp-content\/uploads\/2022\/12\/Size-Bottoms-Mobile-IN-Eng-676x1024.jpg 676w, https:\/\/calvagni.com\/wp-content\/uploads\/2022\/12\/Size-Bottoms-Mobile-IN-Eng-396x600.jpg 396w\" sizes=\"auto, (max-width: 760px) 100vw, 760px\" \/><\/p>\n<p>&nbsp;<\/p>\n<h2 style=\"text-align: center;\">Sudaderas<\/h2>\n<p><img loading=\"lazy\" decoding=\"async\" class=\"aligncenter wp-image-9375 size-full\" src=\"https:\/\/calvagni.com\/wp-content\/uploads\/2025\/03\/Size-Sweatshirt-Mobile-IN-Esp.jpg\" alt=\"\" width=\"760\" height=\"1152\" srcset=\"https:\/\/calvagni.com\/wp-content\/uploads\/2025\/03\/Size-Sweatshirt-Mobile-IN-Esp.jpg 760w, https:\/\/calvagni.com\/wp-content\/uploads\/2025\/03\/Size-Sweatshirt-Mobile-IN-Esp-198x300.jpg 198w, https:\/\/calvagni.com\/wp-content\/uploads\/2025\/03\/Size-Sweatshirt-Mobile-IN-Esp-676x1024.jpg 676w, https:\/\/calvagni.com\/wp-content\/uploads\/2025\/03\/Size-Sweatshirt-Mobile-IN-Esp-396x600.jpg 396w\" sizes=\"auto, (max-width: 760px) 100vw, 760px\" \/><\/p>\n<p>&nbsp;<\/p>\n<h2 style=\"text-align: center;\">Camisetas<\/h2>\n<p><img loading=\"lazy\" decoding=\"async\" class=\"aligncenter wp-image-9353 size-full\" src=\"https:\/\/calvagni.com\/wp-content\/uploads\/2025\/03\/Size-Tshirt-Mobile-IN-Esp.jpg\" alt=\"\" width=\"760\" height=\"963\" srcset=\"https:\/\/calvagni.com\/wp-content\/uploads\/2025\/03\/Size-Tshirt-Mobile-IN-Esp.jpg 760w, https:\/\/calvagni.com\/wp-content\/uploads\/2025\/03\/Size-Tshirt-Mobile-IN-Esp-237x300.jpg 237w, https:\/\/calvagni.com\/wp-content\/uploads\/2025\/03\/Size-Tshirt-Mobile-IN-Esp-474x600.jpg 474w\" sizes=\"auto, (max-width: 760px) 100vw, 760px\" \/><\/p>\n<p>&nbsp;<\/p>\n<h2 style=\"text-align: center;\">Sujetadores deportivos &amp; Tank Tops<\/h2>\n<p><img loading=\"lazy\" decoding=\"async\" class=\"aligncenter wp-image-9335 size-full\" src=\"https:\/\/calvagni.com\/wp-content\/uploads\/2025\/03\/Size-Mob-IN-Esp.jpg\" alt=\"\" width=\"760\" height=\"1152\" srcset=\"https:\/\/calvagni.com\/wp-content\/uploads\/2025\/03\/Size-Mob-IN-Esp.jpg 760w, https:\/\/calvagni.com\/wp-content\/uploads\/2025\/03\/Size-Mob-IN-Esp-198x300.jpg 198w, https:\/\/calvagni.com\/wp-content\/uploads\/2025\/03\/Size-Mob-IN-Esp-676x1024.jpg 676w, https:\/\/calvagni.com\/wp-content\/uploads\/2025\/03\/Size-Mob-IN-Esp-396x600.jpg 396w\" sizes=\"auto, (max-width: 760px) 100vw, 760px\" \/><\/p>\n<\/div>\n                            <\/div>\n                        <\/div>\n                                    <\/div>\n                <\/div>\n<\/section>\n\n\n\n<p class=\"has-text-align-center\">Las medidas est\u00e1n expresadas en cm y en pulgadas.<br>El largo de leggings cortos se mide desde la entrepierna hacia abajo, y corresponde al talle S.<br>Si tus medidas de cadera y cintura sugieren dos tallas diferentes, compra la talla seg\u00fan tus caderas.<br>Si sientes que tu talla no fue considerada en nuestros productos, por favor <a href=\"https:\/\/calvagni.com\/es\/contactanos\/\" data-type=\"page\" data-id=\"2138\">cont\u00e1ctanos<\/a>.<\/p>\n\n\n\n<p class=\"has-text-align-center\">Tu decides lo que te sienta mejor.<\/p>\n\n\n\n<div style=\"height:40px\" aria-hidden=\"true\" class=\"wp-block-spacer\"><\/div>\n\n\n\n<h3 class=\"wp-block-heading has-text-align-center\">C\u00f3mo tomar las medidas<\/h3>\n\n\n\n<figure class=\"wp-block-image aligncenter size-full\"><img loading=\"lazy\" decoding=\"async\" width=\"774\" height=\"810\" src=\"https:\/\/calvagni.com\/wp-content\/uploads\/2023\/09\/silueta-spanish.png\" alt=\"\" class=\"wp-image-3649\" style=\"object-fit:cover\" srcset=\"https:\/\/calvagni.com\/wp-content\/uploads\/2023\/09\/silueta-spanish.png 774w, https:\/\/calvagni.com\/wp-content\/uploads\/2023\/09\/silueta-spanish-287x300.png 287w, https:\/\/calvagni.com\/wp-content\/uploads\/2023\/09\/silueta-spanish-768x804.png 768w, https:\/\/calvagni.com\/wp-content\/uploads\/2023\/09\/silueta-spanish-573x600.png 573w\" sizes=\"auto, (max-width: 774px) 100vw, 774px\" \/><\/figure>\n\n\n\n<div style=\"height:40px\" aria-hidden=\"true\" class=\"wp-block-spacer\"><\/div>\n\n\n\n<p class=\"has-text-align-center\">CINTURA: Toma la medida alrededor de la parte m\u00e1s angosta (generalmente donde tu cuerpo se flexiona hacia los lados), manteniendo la cinta horizontal.<\/p>\n\n\n\n<p class=\"has-text-align-center\">CADERAS: Toma la medida alrededor de la parte m\u00e1s anchas de tus caderas, manteniendo la cinta horizontal.<\/p>\n\n\n\n<p class=\"has-text-align-center\">BUSTO: Toma la medida alrededor de la parte m\u00e1s grande.<\/p>\n\n\n\n<div style=\"height:40px\" aria-hidden=\"true\" class=\"wp-block-spacer\"><\/div>\n\n\n\n<hr class=\"wp-block-separator has-text-color has-alpha-channel-opacity has-background is-style-wide\" style=\"background-color:#d7d7d7;color:#d7d7d7\"\/>\n\n\n\n<div style=\"height:40px\" aria-hidden=\"true\" class=\"wp-block-spacer\"><\/div>\n\n\n\n<p class=\"has-text-align-center\">Tomar las medidas puede ser dif\u00edcil.<br>Cont\u00e1ctanos para que nuestros especialistas te ayuden a encontrar el ajuste perfecto.<\/p>\n\n\n\n<div style=\"height:40px\" aria-hidden=\"true\" class=\"wp-block-spacer\"><\/div>\n\n\n\n<hr class=\"wp-block-separator has-text-color has-alpha-channel-opacity has-background is-style-wide\" style=\"background-color:#d7d7d7;color:#d7d7d7\"\/>\n\n\n\n<div style=\"height:40px\" aria-hidden=\"true\" class=\"wp-block-spacer\"><\/div>\n<\/div>\n\n\n\n<div class=\"wp-block-column is-layout-flow wp-block-column-is-layout-flow\" style=\"flex-basis:20%\"><\/div>\n<\/div>\n","protected":false},"excerpt":{"rendered":"<p>Nuestra gu\u00eda de tallas En Calvagni sabemos lo importante que es la talla correcta y el ajuste perfecto para lucir y sentirse incre\u00edble. Bas\u00e1ndonos en los comentarios de nuestros clientes y en estrecha colaboraci\u00f3n con los atletas, hemos desarrollado productos que son fieles a las tallas y se ajustan perfectamente al cuerpo femenino. Aqu\u00ed encontrar\u00e1s [&hellip;]<\/p>\n","protected":false},"author":17,"featured_media":0,"parent":0,"menu_order":0,"comment_status":"closed","ping_status":"closed","template":"","meta":{"_acf_changed":false,"inline_featured_image":false,"footnotes":""},"class_list":["post-4055","page","type-page","status-publish","hentry"],"acf":[],"_links":{"self":[{"href":"https:\/\/calvagni.com\/es\/wp-json\/wp\/v2\/pages\/4055","targetHints":{"allow":["GET"]}}],"collection":[{"href":"https:\/\/calvagni.com\/es\/wp-json\/wp\/v2\/pages"}],"about":[{"href":"https:\/\/calvagni.com\/es\/wp-json\/wp\/v2\/types\/page"}],"author":[{"embeddable":true,"href":"https:\/\/calvagni.com\/es\/wp-json\/wp\/v2\/users\/17"}],"replies":[{"embeddable":true,"href":"https:\/\/calvagni.com\/es\/wp-json\/wp\/v2\/comments?post=4055"}],"version-history":[{"count":0,"href":"https:\/\/calvagni.com\/es\/wp-json\/wp\/v2\/pages\/4055\/revisions"}],"wp:attachment":[{"href":"https:\/\/calvagni.com\/es\/wp-json\/wp\/v2\/media?parent=4055"}],"curies":[{"name":"wp","href":"https:\/\/api.w.org\/{rel}","templated":true}]}}