{"id":5949,"date":"2024-03-21T14:49:31","date_gmt":"2024-03-21T14:49:31","guid":{"rendered":"https:\/\/calvagni.com\/?page_id=5949"},"modified":"2025-10-08T19:22:24","modified_gmt":"2025-10-08T19:22:24","slug":"encuentranos-aqui","status":"publish","type":"page","link":"https:\/\/calvagni.com\/es\/encuentranos-aqui\/","title":{"rendered":"Encu\u00e9ntranos aqu\u00ed"},"content":{"rendered":"\n<h3 class=\"wp-block-heading has-text-align-center has-background\" style=\"background-color:#f7f7f7\">Encu\u00e9ntranos aqu\u00ed<\/h3>\n\n\n\n<div style=\"height:30px\" aria-hidden=\"true\" class=\"wp-block-spacer\"><\/div>\n\n\n\n<iframe loading=\"lazy\" src=\"https:\/\/snazzymaps.com\/embed\/705301\" width=\"100%\" height=\"600px\" style=\"border:none;\"><\/iframe>\n\n\n\n<div style=\"height:100px\" aria-hidden=\"true\" class=\"wp-block-spacer\"><\/div>\n\n\n\n<div class=\"wp-block-columns is-layout-flex wp-container-core-columns-is-layout-28f84493 wp-block-columns-is-layout-flex\">\n<div class=\"wp-block-column is-layout-flow wp-block-column-is-layout-flow\" style=\"flex-basis:25%\"><\/div>\n\n\n\n<div class=\"wp-block-column is-layout-flow wp-block-column-is-layout-flow\" style=\"flex-basis:50%\">\n<p><strong>CoShowroom Concept Store<\/strong><\/p>\n\n\n\n<p>C. de Mej\u00eda Lequerica, 16, Centro, 28004<br>Madrid, Espa\u00f1a.<br>Lunes a Viernes de 11 a.m. a 8 p.m.<br>S\u00e1bados de 11 a.m. a 3 p.m.<\/p>\n\n\n\n<div style=\"height:50px\" aria-hidden=\"true\" class=\"wp-block-spacer\"><\/div>\n\n\n\n<p><strong>Maison In\u00e8s<\/strong><\/p>\n\n\n\n<p>Place Portalis, 3 rue de la R\u00e9publique<br>83270 Saint-Cyr-sur-Mer, Francia<br>Martes a S\u00e1bados, 9 a 19 hs.<br>Domingos, 9 a 13 hs.<\/p>\n\n\n\n<div style=\"height:50px\" aria-hidden=\"true\" class=\"wp-block-spacer\"><\/div>\n\n\n\n<p><strong>Intu\u00e9 Pilates | Barcelona<\/strong><\/p>\n\n\n\n<p>Carrer Beethoven, 13.<br>08021 Barcelona, Espa\u00f1a<br>Lunes a Viernes: 8:00 &#8211; 20:00 hs.<\/p>\n\n\n\n<div style=\"height:50px\" aria-hidden=\"true\" class=\"wp-block-spacer\"><\/div>\n\n\n\n<p><strong>Intu\u00e9 Pilates | Palma de Mallorca<\/strong><\/p>\n\n\n\n<p>Carrer de Font i Monteros, 21, Centre, 07003 Palma, Illes Balears, Espa\u00f1a<br>Lunes a Viernes de 8 am a 7.30 pm<br>S\u00e1bados 9 a 11 am.<\/p>\n\n\n\n<div style=\"height:50px\" aria-hidden=\"true\" class=\"wp-block-spacer\"><\/div>\n\n\n\n<p><strong>Intension Studio<\/strong><\/p>\n\n\n\n<p>Passatge de Marimon, 4, Sarri\u00e0-Sant Gervasi, 08021 Barcelona, Espa\u00f1a.<br>Lunes a Domingo, de 9 am a 7 pm.<\/p>\n\n\n\n<div style=\"height:50px\" aria-hidden=\"true\" class=\"wp-block-spacer\"><\/div>\n\n\n\n<p><strong>Store Marais<\/strong><\/p>\n\n\n\n<p>No. 57-1, Section 1, Dunhua South Road, Songshan District,<br>Taipei City 105, Taiwan<br>Lunes a Domingo, de 12 a 20 hs.<\/p>\n<\/div>\n\n\n\n<div class=\"wp-block-column is-layout-flow wp-block-column-is-layout-flow\" style=\"flex-basis:25%\"><\/div>\n<\/div>\n\n\n\n<p><\/p>\n","protected":false},"excerpt":{"rendered":"<p>Encu\u00e9ntranos aqu\u00ed CoShowroom Concept Store C. de Mej\u00eda Lequerica, 16, Centro, 28004Madrid, Espa\u00f1a.Lunes a Viernes de 11 a.m. a 8 p.m.S\u00e1bados de 11 a.m. a 3 p.m. Maison In\u00e8s Place Portalis, 3 rue de la R\u00e9publique83270 Saint-Cyr-sur-Mer, FranciaMartes a S\u00e1bados, 9 a 19 hs.Domingos, 9 a 13 hs. Intu\u00e9 Pilates | Barcelona Carrer Beethoven, 13.08021 [&hellip;]<\/p>\n","protected":false},"author":17,"featured_media":0,"parent":0,"menu_order":0,"comment_status":"closed","ping_status":"closed","template":"","meta":{"_acf_changed":false,"inline_featured_image":false,"footnotes":""},"class_list":["post-5949","page","type-page","status-publish","hentry"],"acf":[],"_links":{"self":[{"href":"https:\/\/calvagni.com\/es\/wp-json\/wp\/v2\/pages\/5949","targetHints":{"allow":["GET"]}}],"collection":[{"href":"https:\/\/calvagni.com\/es\/wp-json\/wp\/v2\/pages"}],"about":[{"href":"https:\/\/calvagni.com\/es\/wp-json\/wp\/v2\/types\/page"}],"author":[{"embeddable":true,"href":"https:\/\/calvagni.com\/es\/wp-json\/wp\/v2\/users\/17"}],"replies":[{"embeddable":true,"href":"https:\/\/calvagni.com\/es\/wp-json\/wp\/v2\/comments?post=5949"}],"version-history":[{"count":0,"href":"https:\/\/calvagni.com\/es\/wp-json\/wp\/v2\/pages\/5949\/revisions"}],"wp:attachment":[{"href":"https:\/\/calvagni.com\/es\/wp-json\/wp\/v2\/media?parent=5949"}],"curies":[{"name":"wp","href":"https:\/\/api.w.org\/{rel}","templated":true}]}}