{"id":7283,"date":"2024-07-18T16:03:39","date_gmt":"2024-07-18T16:03:39","guid":{"rendered":"https:\/\/calvagni.com\/?page_id=7283"},"modified":"2026-01-27T15:37:50","modified_gmt":"2026-01-27T15:37:50","slug":"cuidado-de-las-prendas","status":"publish","type":"page","link":"https:\/\/calvagni.com\/es\/cuidado-de-las-prendas\/","title":{"rendered":"Cuidado de las prendas"},"content":{"rendered":"\n<h2 class=\"wp-block-heading has-text-align-center\">Cuidado de las prendas<\/h2>\n\n\n\n<h4 class=\"wp-block-heading has-text-align-center\">Recordatorio del d\u00eda:<br>Cuida de tus prendas como te cuidas a ti misma.<\/h4>\n\n\n\n<div style=\"height:50px\" aria-hidden=\"true\" class=\"wp-block-spacer\"><\/div>\n\n\n\n<div class=\"wp-block-columns is-layout-flex wp-container-core-columns-is-layout-28f84493 wp-block-columns-is-layout-flex\">\n<div class=\"wp-block-column is-layout-flow wp-block-column-is-layout-flow\"><\/div>\n\n\n\n<div class=\"wp-block-column is-layout-flow wp-block-column-is-layout-flow\" style=\"flex-basis:600px\">\n<h4 class=\"wp-block-heading has-text-align-center\">ATHLEISURE WEAR<\/h4>\n\n\n\n<p class=\"has-text-align-center\">Las sudaderas y camisetas requieren de un cuidado especial. Estas son nuestras recomendaciones:<\/p>\n\n\n\n<figure class=\"wp-block-image size-full\"><img loading=\"lazy\" decoding=\"async\" width=\"1200\" height=\"650\" src=\"https:\/\/calvagni.com\/wp-content\/uploads\/2024\/08\/ATHLEISURE-ESP.jpg\" alt=\"\" class=\"wp-image-7443\" srcset=\"https:\/\/calvagni.com\/wp-content\/uploads\/2024\/08\/ATHLEISURE-ESP.jpg 1200w, https:\/\/calvagni.com\/wp-content\/uploads\/2024\/08\/ATHLEISURE-ESP-300x163.jpg 300w, https:\/\/calvagni.com\/wp-content\/uploads\/2024\/08\/ATHLEISURE-ESP-1024x555.jpg 1024w, https:\/\/calvagni.com\/wp-content\/uploads\/2024\/08\/ATHLEISURE-ESP-768x416.jpg 768w, https:\/\/calvagni.com\/wp-content\/uploads\/2024\/08\/ATHLEISURE-ESP-600x325.jpg 600w\" sizes=\"auto, (max-width: 1200px) 100vw, 1200px\" \/><\/figure>\n\n\n\n<div style=\"height:50px\" aria-hidden=\"true\" class=\"wp-block-spacer\"><\/div>\n\n\n\n<h4 class=\"wp-block-heading has-text-align-center\">ACTIVEWEAR<\/h4>\n\n\n\n<p class=\"has-text-align-center\">Los tejidos de lycra &amp; seamless son delicados. Estas son nuestras recomendaciones:<\/p>\n\n\n\n<figure class=\"wp-block-image size-full\"><img loading=\"lazy\" decoding=\"async\" width=\"1200\" height=\"650\" src=\"https:\/\/calvagni.com\/wp-content\/uploads\/2024\/08\/ACTIVE-ESP.jpg\" alt=\"\" class=\"wp-image-7445\" srcset=\"https:\/\/calvagni.com\/wp-content\/uploads\/2024\/08\/ACTIVE-ESP.jpg 1200w, https:\/\/calvagni.com\/wp-content\/uploads\/2024\/08\/ACTIVE-ESP-300x163.jpg 300w, https:\/\/calvagni.com\/wp-content\/uploads\/2024\/08\/ACTIVE-ESP-1024x555.jpg 1024w, https:\/\/calvagni.com\/wp-content\/uploads\/2024\/08\/ACTIVE-ESP-768x416.jpg 768w, https:\/\/calvagni.com\/wp-content\/uploads\/2024\/08\/ACTIVE-ESP-600x325.jpg 600w\" sizes=\"auto, (max-width: 1200px) 100vw, 1200px\" \/><\/figure>\n\n\n\n<div style=\"height:50px\" aria-hidden=\"true\" class=\"wp-block-spacer\"><\/div>\n<\/div>\n\n\n\n<div class=\"wp-block-column is-layout-flow wp-block-column-is-layout-flow\"><\/div>\n<\/div>\n\n\n\n<div class=\"wp-block-columns is-layout-flex wp-container-core-columns-is-layout-28f84493 wp-block-columns-is-layout-flex\">\n<div class=\"wp-block-column is-layout-flow wp-block-column-is-layout-flow\" style=\"flex-basis:10%\"><\/div>\n\n\n\n<div class=\"wp-block-column is-layout-flow wp-block-column-is-layout-flow\">\n<h4 class=\"wp-block-heading has-text-align-center\">SUGERENCIAS PARA EL CORRECTO LAVADO<\/h4>\n\n\n\n<div style=\"height:50px\" aria-hidden=\"true\" class=\"wp-block-spacer\"><\/div>\n\n\n\n<p><strong>Extiende la vida de tus prendas con estos cuidados necesarios<\/strong><br>\u2022 Lavar a mano con agua fr\u00eda (m\u00e1ximo 30 grados)<br>\u2022 Secar la prenda en posici\u00f3n horizontal, evitando el uso de pinzas o perchas, secar la prenda al aire libre preferiblemente a la sombra.<br>\u2022 No planchar sobre los logos y estampas, no usar secadora, ni retorcer.<\/p>\n\n\n\n<div style=\"height:50px\" aria-hidden=\"true\" class=\"wp-block-spacer\"><\/div>\n\n\n\n<p><strong>\u00bfQu\u00e9 sucede si no sigo los s\u00edmbolos de lavado y secado?<\/strong><br>Si no sigues los s\u00edmbolos de lavado y secado de la ropa, corres el riesgo de da\u00f1ar las prendas. Por ejemplo, lavar una prenda en seco cuando indica lavado a m\u00e1quina puede provocar encogimiento o decoloraci\u00f3n. Del mismo modo, secar una prenda en la secadora cuando indica secado al aire libre puede hacer que la prenda se encoja o se da\u00f1e.<\/p>\n\n\n\n<div style=\"height:50px\" aria-hidden=\"true\" class=\"wp-block-spacer\"><\/div>\n\n\n\n<p><strong>\u00bfQu\u00e9 m\u00e9todo de secado es recomendable?<br><\/strong>Se recomienda no secar la ropa deportiva en la secadora. Las fibras sint\u00e9ticas no est\u00e1n hechas para soportar altas temperaturas. Para evitar que se encoja o da\u00f1e la elasticidad, lo mejor es tenderlos, en un lugar bien ventilado, lejos de todas las fuentes de calor. En posici\u00f3n horizontal.<\/p>\n\n\n\n<div style=\"height:50px\" aria-hidden=\"true\" class=\"wp-block-spacer\"><\/div>\n\n\n\n<p><strong>\u00bfPuedo lavar todas las prendas juntas?<\/strong><br>No todas las prendas pueden lavarse juntas, ya que algunas requieren un cuidado especial. Es importante separar la ropa por colores y tejidos antes de lavarla para evitar que se manche o se da\u00f1e. Adem\u00e1s, es recomendable seguir las instrucciones de lavado de cada prenda para obtener los mejores resultados.<\/p>\n\n\n\n<div style=\"height:50px\" aria-hidden=\"true\" class=\"wp-block-spacer\"><\/div>\n\n\n\n<p><strong>\u00bfPuedo utilizar suavizante en todas las prendas?<\/strong><br>No todas las prendas son aptas para el uso de suavizante. Nuestras telas pueden da\u00f1arse con el suavizante para eso es importante leer las etiquetas de cuidado de las prendas para determinar si se puede utilizar suavizante o no. En caso de duda, es mejor evitar su uso.<\/p>\n\n\n\n<div style=\"height:50px\" aria-hidden=\"true\" class=\"wp-block-spacer\"><\/div>\n\n\n\n<p><strong>Usa un detergente suave, sin suavizante.<\/strong><br>Para proteger tu ropa deportiva, usa un detergente especial que no contenga abrillantadores \u00f3pticos.<\/p>\n\n\n\n<div style=\"height:50px\" aria-hidden=\"true\" class=\"wp-block-spacer\"><\/div>\n\n\n\n<p>Lava con \u00e9xito tu ropa deportiva y prolonga su vida \u00fatil. Encuentra informaci\u00f3n en cada prenda.<\/p>\n<\/div>\n\n\n\n<div class=\"wp-block-column is-layout-flow wp-block-column-is-layout-flow\" style=\"flex-basis:10%\"><\/div>\n<\/div>\n","protected":false},"excerpt":{"rendered":"<p>Cuidado de las prendas Recordatorio del d\u00eda:Cuida de tus prendas como te cuidas a ti misma. ATHLEISURE WEAR Las sudaderas y camisetas requieren de un cuidado especial. Estas son nuestras recomendaciones: ACTIVEWEAR Los tejidos de lycra &amp; seamless son delicados. Estas son nuestras recomendaciones: SUGERENCIAS PARA EL CORRECTO LAVADO Extiende la vida de tus prendas [&hellip;]<\/p>\n","protected":false},"author":17,"featured_media":0,"parent":0,"menu_order":0,"comment_status":"closed","ping_status":"closed","template":"","meta":{"_acf_changed":false,"inline_featured_image":false,"footnotes":""},"class_list":["post-7283","page","type-page","status-publish","hentry"],"acf":[],"_links":{"self":[{"href":"https:\/\/calvagni.com\/es\/wp-json\/wp\/v2\/pages\/7283","targetHints":{"allow":["GET"]}}],"collection":[{"href":"https:\/\/calvagni.com\/es\/wp-json\/wp\/v2\/pages"}],"about":[{"href":"https:\/\/calvagni.com\/es\/wp-json\/wp\/v2\/types\/page"}],"author":[{"embeddable":true,"href":"https:\/\/calvagni.com\/es\/wp-json\/wp\/v2\/users\/17"}],"replies":[{"embeddable":true,"href":"https:\/\/calvagni.com\/es\/wp-json\/wp\/v2\/comments?post=7283"}],"version-history":[{"count":0,"href":"https:\/\/calvagni.com\/es\/wp-json\/wp\/v2\/pages\/7283\/revisions"}],"wp:attachment":[{"href":"https:\/\/calvagni.com\/es\/wp-json\/wp\/v2\/media?parent=7283"}],"curies":[{"name":"wp","href":"https:\/\/api.w.org\/{rel}","templated":true}]}}