{"id":8947,"date":"2025-02-10T21:09:03","date_gmt":"2025-02-10T21:09:03","guid":{"rendered":"https:\/\/calvagni.com\/?page_id=8947"},"modified":"2026-04-30T15:00:01","modified_gmt":"2026-04-30T15:00:01","slug":"como-comprar-desde-argentina","status":"publish","type":"page","link":"https:\/\/calvagni.com\/es\/como-comprar-desde-argentina\/","title":{"rendered":"C\u00f3mo comprar desde Argentina"},"content":{"rendered":"<section\n    data-name=\"acf-block-hero\"\n    id=\"block_84a3060c2db7be320ce4324f1d329c00\"\n    class=\"relative wp-block-align-wide overflow-hidden   \"\n    style=\"\"\n>\n    <div class=\"relative\">\n        <picture class=\"object-cover\">\n\t\t\t<source srcset=\"https:\/\/calvagni.com\/wp-content\/uploads\/2024\/12\/CC_BannerDesktop.jpg\" media=\"(min-width: 1200px)\" \/>\n\t\t\t<source srcset=\"https:\/\/calvagni.com\/wp-content\/uploads\/2024\/12\/CC_BannerDesktop-2048x896.jpg\" media=\"(min-width: 992px)\" \/>\n\t\t\t<source srcset=\"https:\/\/calvagni.com\/wp-content\/uploads\/2024\/12\/CC_BannerMobile-1-819x1024.jpg\" media=\"(min-width: 768px)\" \/>\n\t\t\t<source srcset=\"https:\/\/calvagni.com\/wp-content\/uploads\/2024\/12\/CC_BannerMobile-1-768x960.jpg\" media=\"(min-width: 320px)\" \/>\n\t\t\t<img loading=\"lazy\" decoding=\"async\" src=\"https:\/\/calvagni.com\/wp-content\/uploads\/2024\/12\/CC_BannerDesktop-2048x896.jpg\" alt=\"CC_BannerDesktop\" width=\"2560\" height=\"1120\" class=\"w-full h-full absolute object-cover z-10\"\/>\n\t\t<\/picture>\n        <div class=\"aspect-w-4 aspect-h-5 md:aspect-w-16 md:aspect-h-9 lg:aspect-w-16 lg:aspect-h-7\"><\/div>\n    <\/div>\n    <div class=\"flex items-center flex-wrap absolute bottom-0 w-full z-10 items-end\">\n        <div class=\"px-4 xl:px-0 mx-auto pb-10 flex flex-col w-fulljustify-center h-full text-center md:w-7\/12\">\n                            <h1 class=\"text-2xl md:text-3xl font-secondary mb-2 text-white font-primary text-center uppercase\">Compra en D\u00f3lares, Paga en Pesos<\/h1>                <div class=\"max-w-lg mt-4 md:mt-7 md:mb-8 mx-auto text-center text-white leading-relaxed-custom sm:text-md text-md\">\n                    <p>Ya podes recibir tus favoritos de Calvagni directo en tu casa<\/p>\n                <\/div>        <\/div>\n    <\/div>\n    <\/section>\n\n\n\n<div style=\"height:50px\" aria-hidden=\"true\" class=\"wp-block-spacer\"><\/div>\n\n\n\n<h2 class=\"wp-block-heading has-text-align-center has-primary-background-color has-background\">Paso a paso, c\u00f3mo recibir tus compras de Calvagni en Argentina.<\/h2>\n\n\n\n<div style=\"height:50px\" aria-hidden=\"true\" class=\"wp-block-spacer\"><\/div>\n\n\n\n<figure class=\"wp-block-image size-large\"><img loading=\"lazy\" decoding=\"async\" width=\"1024\" height=\"154\" src=\"https:\/\/calvagni.com\/wp-content\/uploads\/2025\/02\/CC_Mailing_ComocomprarARG-04-1024x154.jpg\" alt=\"\" class=\"wp-image-9000\" srcset=\"https:\/\/calvagni.com\/wp-content\/uploads\/2025\/02\/CC_Mailing_ComocomprarARG-04-1024x154.jpg 1024w, https:\/\/calvagni.com\/wp-content\/uploads\/2025\/02\/CC_Mailing_ComocomprarARG-04-1200x180.jpg 1200w, https:\/\/calvagni.com\/wp-content\/uploads\/2025\/02\/CC_Mailing_ComocomprarARG-04-300x45.jpg 300w, https:\/\/calvagni.com\/wp-content\/uploads\/2025\/02\/CC_Mailing_ComocomprarARG-04-768x115.jpg 768w, https:\/\/calvagni.com\/wp-content\/uploads\/2025\/02\/CC_Mailing_ComocomprarARG-04-1536x231.jpg 1536w, https:\/\/calvagni.com\/wp-content\/uploads\/2025\/02\/CC_Mailing_ComocomprarARG-04-2048x308.jpg 2048w, https:\/\/calvagni.com\/wp-content\/uploads\/2025\/02\/CC_Mailing_ComocomprarARG-04-600x90.jpg 600w\" sizes=\"auto, (max-width: 1024px) 100vw, 1024px\" \/><\/figure>\n\n\n\n<p class=\"has-text-align-center\"><strong>Al comprar:<br><\/strong>Selecciona tus productos favoritos<br>Si tienes dudas sobre las medidas, puedes revisar nuestra <strong><a href=\"https:\/\/calvagni.com\/es\/nuestra-guia-de-tallas\/\">tabla de tallas aqu\u00ed<\/a><\/strong><\/p>\n\n\n\n<div style=\"height:50px\" aria-hidden=\"true\" class=\"wp-block-spacer\"><\/div>\n\n\n\n<figure class=\"wp-block-image size-large\"><img loading=\"lazy\" decoding=\"async\" width=\"1024\" height=\"154\" src=\"https:\/\/calvagni.com\/wp-content\/uploads\/2025\/02\/CC_Mailing_ComocomprarARG-05-1024x154.jpg\" alt=\"\" class=\"wp-image-9002\" srcset=\"https:\/\/calvagni.com\/wp-content\/uploads\/2025\/02\/CC_Mailing_ComocomprarARG-05-1024x154.jpg 1024w, https:\/\/calvagni.com\/wp-content\/uploads\/2025\/02\/CC_Mailing_ComocomprarARG-05-1200x180.jpg 1200w, https:\/\/calvagni.com\/wp-content\/uploads\/2025\/02\/CC_Mailing_ComocomprarARG-05-300x45.jpg 300w, https:\/\/calvagni.com\/wp-content\/uploads\/2025\/02\/CC_Mailing_ComocomprarARG-05-768x115.jpg 768w, https:\/\/calvagni.com\/wp-content\/uploads\/2025\/02\/CC_Mailing_ComocomprarARG-05-1536x231.jpg 1536w, https:\/\/calvagni.com\/wp-content\/uploads\/2025\/02\/CC_Mailing_ComocomprarARG-05-2048x308.jpg 2048w, https:\/\/calvagni.com\/wp-content\/uploads\/2025\/02\/CC_Mailing_ComocomprarARG-05-600x90.jpg 600w\" sizes=\"auto, (max-width: 1024px) 100vw, 1024px\" \/><\/figure>\n\n\n\n<p class=\"has-text-align-center\"><strong>Al cerrar la compra<br><\/strong>Si al ingresar los datos de tu tarjeta de cr\u00e9dito para hacer el pago, ocurre alg\u00fan error, comun\u00edcate con tu banco para aprobar la transacci\u00f3n.<br>Te recordamos que las tasas y aranceles extras est\u00e1n cubiertos en \u00f3rdenes de hasta U$D 400 por pedido.<br>Te recomendamos no comprar m\u00e1s 3 \u00edtems iguales.<\/p>\n\n\n\n<div style=\"height:50px\" aria-hidden=\"true\" class=\"wp-block-spacer\"><\/div>\n\n\n\n<figure class=\"wp-block-image size-large\"><img loading=\"lazy\" decoding=\"async\" width=\"1024\" height=\"154\" src=\"https:\/\/calvagni.com\/wp-content\/uploads\/2025\/02\/CC_Mailing_ComocomprarARG-06-1024x154.jpg\" alt=\"\" class=\"wp-image-9005\" srcset=\"https:\/\/calvagni.com\/wp-content\/uploads\/2025\/02\/CC_Mailing_ComocomprarARG-06-1024x154.jpg 1024w, https:\/\/calvagni.com\/wp-content\/uploads\/2025\/02\/CC_Mailing_ComocomprarARG-06-1200x180.jpg 1200w, https:\/\/calvagni.com\/wp-content\/uploads\/2025\/02\/CC_Mailing_ComocomprarARG-06-300x45.jpg 300w, https:\/\/calvagni.com\/wp-content\/uploads\/2025\/02\/CC_Mailing_ComocomprarARG-06-768x115.jpg 768w, https:\/\/calvagni.com\/wp-content\/uploads\/2025\/02\/CC_Mailing_ComocomprarARG-06-1536x231.jpg 1536w, https:\/\/calvagni.com\/wp-content\/uploads\/2025\/02\/CC_Mailing_ComocomprarARG-06-2048x308.jpg 2048w, https:\/\/calvagni.com\/wp-content\/uploads\/2025\/02\/CC_Mailing_ComocomprarARG-06-600x90.jpg 600w\" sizes=\"auto, (max-width: 1024px) 100vw, 1024px\" \/><\/figure>\n\n\n\n<p class=\"has-text-align-center\"><strong>A la espera de tu pedido<br><\/strong>Cuando el paquete llegue a Argentina recibir\u00e1s un mail de DHL para pagar el IVA, del 21%<br>Luego de hacer ese pago, DHL te avisar\u00e1 cu\u00e1ndo llegar\u00e1 el pedido a tu casa<br>Si tienes alguna duda y DHL no te responde por email, puedes llamar al 08101 22 3345. Para llegar a representante, espera hasta escuchar la opci\u00f3n &#8220;Hablar con atenci\u00f3n al cliente&#8221;.<br>Ten a mano el n\u00famero de gu\u00eda de 10 d\u00edgitos que DHL te envi\u00f3 por mail<br>El tiempo de entrega es de 12 d\u00edas h\u00e1biles, aunque puede ser que lo recibas antes!<\/p>\n\n\n\n<div style=\"height:50px\" aria-hidden=\"true\" class=\"wp-block-spacer\"><\/div>\n\n\n\n<figure class=\"wp-block-image size-large\"><img loading=\"lazy\" decoding=\"async\" width=\"1024\" height=\"154\" src=\"https:\/\/calvagni.com\/wp-content\/uploads\/2025\/02\/CC_Mailing_ComocomprarARG-07-1024x154.jpg\" alt=\"\" class=\"wp-image-9007\" srcset=\"https:\/\/calvagni.com\/wp-content\/uploads\/2025\/02\/CC_Mailing_ComocomprarARG-07-1024x154.jpg 1024w, https:\/\/calvagni.com\/wp-content\/uploads\/2025\/02\/CC_Mailing_ComocomprarARG-07-1200x180.jpg 1200w, https:\/\/calvagni.com\/wp-content\/uploads\/2025\/02\/CC_Mailing_ComocomprarARG-07-300x45.jpg 300w, https:\/\/calvagni.com\/wp-content\/uploads\/2025\/02\/CC_Mailing_ComocomprarARG-07-768x115.jpg 768w, https:\/\/calvagni.com\/wp-content\/uploads\/2025\/02\/CC_Mailing_ComocomprarARG-07-1536x231.jpg 1536w, https:\/\/calvagni.com\/wp-content\/uploads\/2025\/02\/CC_Mailing_ComocomprarARG-07-2048x308.jpg 2048w, https:\/\/calvagni.com\/wp-content\/uploads\/2025\/02\/CC_Mailing_ComocomprarARG-07-600x90.jpg 600w\" sizes=\"auto, (max-width: 1024px) 100vw, 1024px\" \/><\/figure>\n\n\n\n<p class=\"has-text-align-center\"><strong>Compr\u00e1 en d\u00f3lares, pag\u00e1 en Pesos<br><\/strong>Cuando recibas el resumen de tu tarjeta de cr\u00e9dito, vas a ver el monto en d\u00f3lares, y puedes elegir pagarlo:<br>En <strong>d\u00f3lares<\/strong>, deposit\u00e1ndolo en tu cuenta o comprando a trav\u00e9s de tu banco. As\u00ed ahorras el impuesto del 30%, deducible de Ganancias.<br>En <strong>pesos<\/strong>, con el dinero que tengas en cuenta.<\/p>\n\n\n\n<div style=\"height:50px\" aria-hidden=\"true\" class=\"wp-block-spacer\"><\/div>\n\n\n\n<div class=\"wp-block-buttons is-content-justification-center is-layout-flex wp-container-core-buttons-is-layout-a89b3969 wp-block-buttons-is-layout-flex\">\n<div class=\"wp-block-button has-custom-width wp-block-button__width-50\"><a class=\"wp-block-button__link has-white-color has-black-background-color has-text-color has-background has-link-color wp-element-button\" href=\"https:\/\/www.instagram.com\/p\/DMfc5j5Ig1I\/\" style=\"border-radius:0px\" target=\"_blank\" rel=\"https:\/\/www.instagram.com\/p\/DGLklofOwxg\/ noreferrer noopener nofollow\">VER LOS PASOS<\/a><\/div>\n<\/div>\n\n\n\n<div style=\"height:50px\" aria-hidden=\"true\" class=\"wp-block-spacer\"><\/div>\n\n\n\n<p class=\"has-text-align-center\"><strong>\u00bfNecesitas algo m\u00e1s?<br><\/strong>M\u00e1s informaci\u00f3n sobre <a href=\"https:\/\/calvagni.com\/es\/politica-de-envios\/\"><strong>pol\u00edticas de env\u00edo aqu\u00ed<\/strong><\/a>.<br>Si tienes m\u00e1s consultas, comun\u00edcate con nuestro <strong><a href=\"https:\/\/calvagni.com\/es\/contactanos\/\">Servicio al cliente aqu\u00ed<\/a><\/strong>.<\/p>\n\n\n\n<div style=\"height:50px\" aria-hidden=\"true\" class=\"wp-block-spacer\"><\/div>\n\n\n\n<p class=\"has-text-align-center\">Love, Calvagni Team<\/p>\n\n\n\n<p><\/p>\n","protected":false},"excerpt":{"rendered":"<p>Paso a paso, c\u00f3mo recibir tus compras de Calvagni en Argentina. Al comprar:Selecciona tus productos favoritosSi tienes dudas sobre las medidas, puedes revisar nuestra tabla de tallas aqu\u00ed Al cerrar la compraSi al ingresar los datos de tu tarjeta de cr\u00e9dito para hacer el pago, ocurre alg\u00fan error, comun\u00edcate con tu banco para aprobar la [&hellip;]<\/p>\n","protected":false},"author":17,"featured_media":0,"parent":0,"menu_order":0,"comment_status":"closed","ping_status":"closed","template":"","meta":{"_acf_changed":false,"inline_featured_image":false,"footnotes":""},"class_list":["post-8947","page","type-page","status-publish","hentry"],"acf":[],"_links":{"self":[{"href":"https:\/\/calvagni.com\/es\/wp-json\/wp\/v2\/pages\/8947","targetHints":{"allow":["GET"]}}],"collection":[{"href":"https:\/\/calvagni.com\/es\/wp-json\/wp\/v2\/pages"}],"about":[{"href":"https:\/\/calvagni.com\/es\/wp-json\/wp\/v2\/types\/page"}],"author":[{"embeddable":true,"href":"https:\/\/calvagni.com\/es\/wp-json\/wp\/v2\/users\/17"}],"replies":[{"embeddable":true,"href":"https:\/\/calvagni.com\/es\/wp-json\/wp\/v2\/comments?post=8947"}],"version-history":[{"count":0,"href":"https:\/\/calvagni.com\/es\/wp-json\/wp\/v2\/pages\/8947\/revisions"}],"wp:attachment":[{"href":"https:\/\/calvagni.com\/es\/wp-json\/wp\/v2\/media?parent=8947"}],"curies":[{"name":"wp","href":"https:\/\/api.w.org\/{rel}","templated":true}]}}