{"id":11565,"date":"2025-09-28T13:52:27","date_gmt":"2025-09-28T13:52:27","guid":{"rendered":"https:\/\/calvagni.com\/?post_type=product&#038;p=11565"},"modified":"2026-04-20T01:59:59","modified_gmt":"2026-04-20T01:59:59","slug":"relaxed-jogging","status":"publish","type":"product","link":"https:\/\/calvagni.com\/es\/producto\/relaxed-jogging\/","title":{"rendered":"Relaxed Jogging"},"content":{"rendered":"<p>Pantalones de fit holgado con bolsillos laterales.<\/p>\n<p><b>Es perfecto porque:<\/b><\/p>\n<ul>\n<li>Su cintura adaptable: puede usarse estirada para un calce m\u00e1s alto y c\u00f3modo, o doblada para generar un tiro m\u00e1s bajo, con un ajuste m\u00e1s relajado.<\/li>\n<li>Cordones internos en cintura<\/li>\n<li>De pierna ancha y calce holgado<\/li>\n<li>Es ultra suave y c\u00f3modo<\/li>\n<\/ul>\n<p>&nbsp;<\/p>\n<p><b>Es perfecto para:<\/b><\/p>\n<ul>\n<li>Para combinar a tu gusto.<\/li>\n<li>Actividades al aire libre<\/li>\n<li>Todos los d\u00edas<\/li>\n<li>Relajar en casa<\/li>\n<\/ul>\n<p><b>Composici\u00f3n<\/b>: 70% Algod\u00f3n, 30% Polyester.<\/p>\n<p><b>Cuidados<\/b>: Este \u00edtem est\u00e1 fabricado con materiales delicados. Te recomendamos seguir las instrucciones de cuidado para mantener su belleza y calidad. Lavar a 30\u00ba grados. Lavar por separado, no mezclar colores claros con oscuros.\u00a0 No usar blanqueador. No usar secadora. No lavar en seco. No planchar sobre la estampa.<\/p>\n","protected":false},"excerpt":{"rendered":"<p>Cloe mide 172 cm.\/67.7 in de alto y usa talla S. (85-62-92)<\/p>\n","protected":false},"featured_media":12472,"comment_status":"closed","ping_status":"closed","template":"","meta":{"_acf_changed":false,"inline_featured_image":false},"collections":[319],"compression":[],"fabric":[],"movements":[325],"support":[],"product_brand":[],"product_cat":[165,148,103,361],"product_tag":[],"woo-feed-brand":[],"class_list":{"0":"post-11565","1":"product","2":"type-product","3":"status-publish","4":"has-post-thumbnail","6":"collections-lounge-es","7":"movements-everyday-es","8":"product_cat-athleisure-es","9":"product_cat-bottoms-es","10":"product_cat-pants-es","11":"product_cat-relaxed-es","13":"first","14":"instock","15":"taxable","16":"shipping-taxable","17":"purchasable","18":"product-type-variable"},"acf":[],"_links":{"self":[{"href":"https:\/\/calvagni.com\/es\/wp-json\/wp\/v2\/product\/11565","targetHints":{"allow":["GET"]}}],"collection":[{"href":"https:\/\/calvagni.com\/es\/wp-json\/wp\/v2\/product"}],"about":[{"href":"https:\/\/calvagni.com\/es\/wp-json\/wp\/v2\/types\/product"}],"replies":[{"embeddable":true,"href":"https:\/\/calvagni.com\/es\/wp-json\/wp\/v2\/comments?post=11565"}],"wp:featuredmedia":[{"embeddable":true,"href":"https:\/\/calvagni.com\/es\/wp-json\/wp\/v2\/media\/12472"}],"wp:attachment":[{"href":"https:\/\/calvagni.com\/es\/wp-json\/wp\/v2\/media?parent=11565"}],"wp:term":[{"taxonomy":"collections","embeddable":true,"href":"https:\/\/calvagni.com\/es\/wp-json\/wp\/v2\/collections?post=11565"},{"taxonomy":"compression","embeddable":true,"href":"https:\/\/calvagni.com\/es\/wp-json\/wp\/v2\/compression?post=11565"},{"taxonomy":"fabric","embeddable":true,"href":"https:\/\/calvagni.com\/es\/wp-json\/wp\/v2\/fabric?post=11565"},{"taxonomy":"movements","embeddable":true,"href":"https:\/\/calvagni.com\/es\/wp-json\/wp\/v2\/movements?post=11565"},{"taxonomy":"support","embeddable":true,"href":"https:\/\/calvagni.com\/es\/wp-json\/wp\/v2\/support?post=11565"},{"taxonomy":"product_brand","embeddable":true,"href":"https:\/\/calvagni.com\/es\/wp-json\/wp\/v2\/product_brand?post=11565"},{"taxonomy":"product_cat","embeddable":true,"href":"https:\/\/calvagni.com\/es\/wp-json\/wp\/v2\/product_cat?post=11565"},{"taxonomy":"product_tag","embeddable":true,"href":"https:\/\/calvagni.com\/es\/wp-json\/wp\/v2\/product_tag?post=11565"},{"taxonomy":"woo-feed-brand","embeddable":true,"href":"https:\/\/calvagni.com\/es\/wp-json\/wp\/v2\/woo-feed-brand?post=11565"}],"curies":[{"name":"wp","href":"https:\/\/api.w.org\/{rel}","templated":true}]}}