{"id":3289,"date":"2023-08-23T18:38:45","date_gmt":"2023-08-23T18:38:45","guid":{"rendered":"https:\/\/calvagni.com\/product\/classic-t-shirt\/"},"modified":"2026-04-13T15:20:55","modified_gmt":"2026-04-13T15:20:55","slug":"classic-t-shirt","status":"publish","type":"product","link":"https:\/\/calvagni.com\/es\/producto\/classic-t-shirt\/","title":{"rendered":"Classic T-Shirt"},"content":{"rendered":"<p>Camiseta de mujer. Ultraligera. Fit relajado.<\/p>\n<p><b>Es perfecto porque<\/b>:<\/p>\n<ul>\n<li>Es ultra suave y comfortable.<\/li>\n<li>Super liviano<\/li>\n<li>Suave al tacto<\/li>\n<li>Lo podes usar para todos los d\u00edas, antes y despu\u00e9s de entrenar.<\/li>\n<\/ul>\n<p><b>Composici\u00f3n<\/b>: 50% polyester, 38% Algod\u00f3n, 12% Rayon.<\/p>\n<p><strong>Cuidados<\/strong>: Este \u00edtem est\u00e1 fabricado con materiales delicados. Este \u00edtem est\u00e1 fabricado con materiales delicados. Te recomendamos seguir las instrucciones de cuidado para mantener su belleza y calidad. Lavar a 30\u00ba grados. Lavar por separado, no mezclar colores claros con oscuros. No usar blanqueador. No usar secadora. No lavar en seco. No planchar sobre la estampa.<\/p>\n","protected":false},"excerpt":{"rendered":"<p>Ananda mide 179 cm y lleva la talla XS.<\/p>\n","protected":false},"featured_media":1673,"comment_status":"open","ping_status":"closed","template":"","meta":{"_acf_changed":false,"inline_featured_image":false},"collections":[319],"compression":[],"fabric":[],"movements":[325],"support":[],"product_brand":[],"product_cat":[165,105,149],"product_tag":[177],"woo-feed-brand":[],"class_list":{"0":"post-3289","1":"product","2":"type-product","3":"status-publish","4":"has-post-thumbnail","6":"collections-lounge-es","7":"movements-everyday-es","8":"product_cat-athleisure-es","9":"product_cat-camisetas","10":"product_cat-tops-es","11":"product_tag-show-bf-es","13":"first","14":"instock","15":"taxable","16":"shipping-taxable","17":"purchasable","18":"product-type-variable","19":"has-default-attributes"},"acf":[],"_links":{"self":[{"href":"https:\/\/calvagni.com\/es\/wp-json\/wp\/v2\/product\/3289","targetHints":{"allow":["GET"]}}],"collection":[{"href":"https:\/\/calvagni.com\/es\/wp-json\/wp\/v2\/product"}],"about":[{"href":"https:\/\/calvagni.com\/es\/wp-json\/wp\/v2\/types\/product"}],"replies":[{"embeddable":true,"href":"https:\/\/calvagni.com\/es\/wp-json\/wp\/v2\/comments?post=3289"}],"wp:featuredmedia":[{"embeddable":true,"href":"https:\/\/calvagni.com\/es\/wp-json\/wp\/v2\/media\/1673"}],"wp:attachment":[{"href":"https:\/\/calvagni.com\/es\/wp-json\/wp\/v2\/media?parent=3289"}],"wp:term":[{"taxonomy":"collections","embeddable":true,"href":"https:\/\/calvagni.com\/es\/wp-json\/wp\/v2\/collections?post=3289"},{"taxonomy":"compression","embeddable":true,"href":"https:\/\/calvagni.com\/es\/wp-json\/wp\/v2\/compression?post=3289"},{"taxonomy":"fabric","embeddable":true,"href":"https:\/\/calvagni.com\/es\/wp-json\/wp\/v2\/fabric?post=3289"},{"taxonomy":"movements","embeddable":true,"href":"https:\/\/calvagni.com\/es\/wp-json\/wp\/v2\/movements?post=3289"},{"taxonomy":"support","embeddable":true,"href":"https:\/\/calvagni.com\/es\/wp-json\/wp\/v2\/support?post=3289"},{"taxonomy":"product_brand","embeddable":true,"href":"https:\/\/calvagni.com\/es\/wp-json\/wp\/v2\/product_brand?post=3289"},{"taxonomy":"product_cat","embeddable":true,"href":"https:\/\/calvagni.com\/es\/wp-json\/wp\/v2\/product_cat?post=3289"},{"taxonomy":"product_tag","embeddable":true,"href":"https:\/\/calvagni.com\/es\/wp-json\/wp\/v2\/product_tag?post=3289"},{"taxonomy":"woo-feed-brand","embeddable":true,"href":"https:\/\/calvagni.com\/es\/wp-json\/wp\/v2\/woo-feed-brand?post=3289"}],"curies":[{"name":"wp","href":"https:\/\/api.w.org\/{rel}","templated":true}]}}