{"id":3316,"date":"2023-08-24T17:25:50","date_gmt":"2023-08-24T17:25:50","guid":{"rendered":"https:\/\/calvagni.com\/product\/the-cc-t-shirt\/"},"modified":"2026-04-15T16:29:22","modified_gmt":"2026-04-15T16:29:22","slug":"the-cc-t-shirt","status":"publish","type":"product","link":"https:\/\/calvagni.com\/es\/producto\/the-cc-t-shirt\/","title":{"rendered":"The CC T-Shirt"},"content":{"rendered":"<p>Crop top de mujer. Fit holgado.<\/p>\n<p><b>Es perfecto porque<\/b>:<\/p>\n<ul>\n<li>Est\u00e1 pensado para todos los dias por su versatilidad.<\/li>\n<li>Su dise\u00f1o crop es perfecto para los d\u00edas donde buscas llevar un perfect look con un b\u00e1sico de calidad.<\/li>\n<\/ul>\n<p><b>Composici\u00f3n<\/b>: 65% Rayon, 30% Sonora, 5% Spandex.<\/p>\n<p><strong>Cuidados<\/strong>: Este \u00edtem est\u00e1 fabricado con materiales delicados. Te recomendamos seguir las instrucciones de cuidado para mantener su belleza y calidad. Lavar a 30\u00ba grados. Lavar por separado, no mezclar colores claros con oscuros. No usar blanqueador. No usar secadora. No lavar en seco. No planchar sobre la estampa.<\/p>\n","protected":false},"excerpt":{"rendered":"<p>Mili mide 175 cm.\/ 68.9 in de alto y usa talla S. Talla de busto: 86 cm.\/33.8 in. (86-64-93)<\/p>\n","protected":false},"featured_media":15385,"comment_status":"open","ping_status":"closed","template":"","meta":{"_acf_changed":false,"inline_featured_image":false},"collections":[319],"compression":[],"fabric":[],"movements":[325],"support":[],"product_brand":[],"product_cat":[165,105,149],"product_tag":[135,177],"woo-feed-brand":[],"class_list":{"0":"post-3316","1":"product","2":"type-product","3":"status-publish","4":"has-post-thumbnail","6":"collections-lounge-es","7":"movements-everyday-es","8":"product_cat-athleisure-es","9":"product_cat-camisetas","10":"product_cat-tops-es","11":"product_tag-athleisure-es","12":"product_tag-show-bf-es","14":"first","15":"instock","16":"taxable","17":"shipping-taxable","18":"purchasable","19":"product-type-variable"},"acf":[],"_links":{"self":[{"href":"https:\/\/calvagni.com\/es\/wp-json\/wp\/v2\/product\/3316","targetHints":{"allow":["GET"]}}],"collection":[{"href":"https:\/\/calvagni.com\/es\/wp-json\/wp\/v2\/product"}],"about":[{"href":"https:\/\/calvagni.com\/es\/wp-json\/wp\/v2\/types\/product"}],"replies":[{"embeddable":true,"href":"https:\/\/calvagni.com\/es\/wp-json\/wp\/v2\/comments?post=3316"}],"wp:featuredmedia":[{"embeddable":true,"href":"https:\/\/calvagni.com\/es\/wp-json\/wp\/v2\/media\/15385"}],"wp:attachment":[{"href":"https:\/\/calvagni.com\/es\/wp-json\/wp\/v2\/media?parent=3316"}],"wp:term":[{"taxonomy":"collections","embeddable":true,"href":"https:\/\/calvagni.com\/es\/wp-json\/wp\/v2\/collections?post=3316"},{"taxonomy":"compression","embeddable":true,"href":"https:\/\/calvagni.com\/es\/wp-json\/wp\/v2\/compression?post=3316"},{"taxonomy":"fabric","embeddable":true,"href":"https:\/\/calvagni.com\/es\/wp-json\/wp\/v2\/fabric?post=3316"},{"taxonomy":"movements","embeddable":true,"href":"https:\/\/calvagni.com\/es\/wp-json\/wp\/v2\/movements?post=3316"},{"taxonomy":"support","embeddable":true,"href":"https:\/\/calvagni.com\/es\/wp-json\/wp\/v2\/support?post=3316"},{"taxonomy":"product_brand","embeddable":true,"href":"https:\/\/calvagni.com\/es\/wp-json\/wp\/v2\/product_brand?post=3316"},{"taxonomy":"product_cat","embeddable":true,"href":"https:\/\/calvagni.com\/es\/wp-json\/wp\/v2\/product_cat?post=3316"},{"taxonomy":"product_tag","embeddable":true,"href":"https:\/\/calvagni.com\/es\/wp-json\/wp\/v2\/product_tag?post=3316"},{"taxonomy":"woo-feed-brand","embeddable":true,"href":"https:\/\/calvagni.com\/es\/wp-json\/wp\/v2\/woo-feed-brand?post=3316"}],"curies":[{"name":"wp","href":"https:\/\/api.w.org\/{rel}","templated":true}]}}