{"id":3416,"date":"2023-08-24T16:21:54","date_gmt":"2023-08-24T16:21:54","guid":{"rendered":"https:\/\/calvagni.com\/product\/the-cc-woof\/"},"modified":"2026-03-31T20:08:01","modified_gmt":"2026-03-31T20:08:01","slug":"the-cc-woof","status":"publish","type":"product","link":"https:\/\/calvagni.com\/es\/producto\/the-cc-woof\/","title":{"rendered":"The CC Woof"},"content":{"rendered":"<p>Sudadera para perros de razas peque\u00f1as.<\/p>\n<p><b>Es perfecto porque<\/b>:<\/p>\n<ul>\n<li>Es el complemento perfecto para tu mejor compa\u00f1ia.<\/li>\n<li>Dise\u00f1ado en conjunto con todos los \u00edtems de la colecci\u00f3n.<\/li>\n<\/ul>\n<p><b>Perfecto para<\/b>:<\/p>\n<ul>\n<li>Salir a dar una vuelta con el mejor estilo, combinando modelos.<\/li>\n<\/ul>\n<p><b>Composici\u00f3n<\/b>: 70% Algod\u00f3n, 30% Poli\u00e9ster.<\/p>\n<p><strong>Cuidados<\/strong>: Este \u00edtem est\u00e1 fabricado con materiales delicados. Te recomendamos seguir las instrucciones de cuidado para mantener su belleza y calidad. Lavar a 30\u00ba grados. Lavar por separado, no mezclar colores claros con oscuros. No usar blanqueador. No usar secadora. No lavar en seco. No planchar sobre la estampa.<\/p>\n","protected":false},"excerpt":{"rendered":"<p>El perro usa talla L.<\/p>\n","protected":false},"featured_media":1983,"comment_status":"open","ping_status":"closed","template":"","meta":{"_acf_changed":false,"inline_featured_image":false},"collections":[372,319],"compression":[],"fabric":[],"movements":[325],"support":[],"product_brand":[],"product_cat":[174,165,99],"product_tag":[],"woo-feed-brand":[],"class_list":{"0":"post-3416","1":"product","2":"type-product","3":"status-publish","4":"has-post-thumbnail","6":"collections-accesorios","7":"collections-lounge-es","8":"movements-everyday-es","9":"product_cat-accesorios","10":"product_cat-athleisure-es","11":"product_cat-mascotas","13":"first","14":"instock","15":"taxable","16":"shipping-taxable","17":"purchasable","18":"product-type-variable"},"acf":[],"_links":{"self":[{"href":"https:\/\/calvagni.com\/es\/wp-json\/wp\/v2\/product\/3416","targetHints":{"allow":["GET"]}}],"collection":[{"href":"https:\/\/calvagni.com\/es\/wp-json\/wp\/v2\/product"}],"about":[{"href":"https:\/\/calvagni.com\/es\/wp-json\/wp\/v2\/types\/product"}],"replies":[{"embeddable":true,"href":"https:\/\/calvagni.com\/es\/wp-json\/wp\/v2\/comments?post=3416"}],"wp:featuredmedia":[{"embeddable":true,"href":"https:\/\/calvagni.com\/es\/wp-json\/wp\/v2\/media\/1983"}],"wp:attachment":[{"href":"https:\/\/calvagni.com\/es\/wp-json\/wp\/v2\/media?parent=3416"}],"wp:term":[{"taxonomy":"collections","embeddable":true,"href":"https:\/\/calvagni.com\/es\/wp-json\/wp\/v2\/collections?post=3416"},{"taxonomy":"compression","embeddable":true,"href":"https:\/\/calvagni.com\/es\/wp-json\/wp\/v2\/compression?post=3416"},{"taxonomy":"fabric","embeddable":true,"href":"https:\/\/calvagni.com\/es\/wp-json\/wp\/v2\/fabric?post=3416"},{"taxonomy":"movements","embeddable":true,"href":"https:\/\/calvagni.com\/es\/wp-json\/wp\/v2\/movements?post=3416"},{"taxonomy":"support","embeddable":true,"href":"https:\/\/calvagni.com\/es\/wp-json\/wp\/v2\/support?post=3416"},{"taxonomy":"product_brand","embeddable":true,"href":"https:\/\/calvagni.com\/es\/wp-json\/wp\/v2\/product_brand?post=3416"},{"taxonomy":"product_cat","embeddable":true,"href":"https:\/\/calvagni.com\/es\/wp-json\/wp\/v2\/product_cat?post=3416"},{"taxonomy":"product_tag","embeddable":true,"href":"https:\/\/calvagni.com\/es\/wp-json\/wp\/v2\/product_tag?post=3416"},{"taxonomy":"woo-feed-brand","embeddable":true,"href":"https:\/\/calvagni.com\/es\/wp-json\/wp\/v2\/woo-feed-brand?post=3416"}],"curies":[{"name":"wp","href":"https:\/\/api.w.org\/{rel}","templated":true}]}}