{"id":6277,"date":"2024-02-01T15:55:43","date_gmt":"2024-02-01T15:55:43","guid":{"rendered":"https:\/\/calvagni.com\/?post_type=product&#038;p=6277"},"modified":"2026-04-15T16:28:55","modified_gmt":"2026-04-15T16:28:55","slug":"the-cc-jogging-reloaded","status":"publish","type":"product","link":"https:\/\/calvagni.com\/es\/producto\/the-cc-jogging-reloaded\/","title":{"rendered":"The CC Jogging Reloaded"},"content":{"rendered":"<p>Joggers para mujer. New fit.<\/p>\n<p><strong>Es perfecto porque:<\/strong><\/p>\n<ul>\n<li>New slim fit<\/li>\n<li>Nuevo acabado ultra soft con efecto anti peeling.<\/li>\n<li>Estampa high touch.<\/li>\n<li>Hemos dise\u00f1ado los pu\u00f1os y la cintura perfectos para una sudadera c\u00f3moda y vers\u00e1til.<\/li>\n<\/ul>\n<p><strong>Es perfecto para:<\/strong><\/p>\n<ul>\n<li>Actividades al aire libre.<\/li>\n<li>Complementar tu look de entrenamiento.<\/li>\n<li>Pre\/Post Gym.<\/li>\n<li>Tu momento comfy.<\/li>\n<\/ul>\n<p><strong>Composici\u00f3n<\/strong>: 70% Algod\u00f3n, 30% Polyester.<\/p>\n<p><strong>Cuidados<\/strong>: Este \u00edtem est\u00e1 fabricado con materiales delicados. Te recomendamos seguir las instrucciones de cuidado para mantener su belleza y calidad. Lavar a 30\u00ba grados. Lavar por separado, no mezclar colores claros con oscuros. No usar blanqueador. No usar secadora. No lavar en seco. No planchar sobre la estampa.<\/p>\n","protected":false},"excerpt":{"rendered":"<p>Eloisa mide 168 cm. de alto y usa talla L.<\/p>\n","protected":false},"featured_media":6194,"comment_status":"open","ping_status":"closed","template":"","meta":{"_acf_changed":false,"inline_featured_image":false},"collections":[319],"compression":[],"fabric":[],"movements":[325],"support":[],"product_brand":[],"product_cat":[165,148,205,103],"product_tag":[223],"woo-feed-brand":[],"class_list":{"0":"post-6277","1":"product","2":"type-product","3":"status-publish","4":"has-post-thumbnail","6":"collections-lounge-es","7":"movements-everyday-es","8":"product_cat-athleisure-es","9":"product_cat-bottoms-es","10":"product_cat-mix-match-es","11":"product_cat-pants-es","12":"product_tag-lavender-sale-es","14":"first","15":"instock","16":"taxable","17":"shipping-taxable","18":"purchasable","19":"product-type-variable"},"acf":[],"_links":{"self":[{"href":"https:\/\/calvagni.com\/es\/wp-json\/wp\/v2\/product\/6277","targetHints":{"allow":["GET"]}}],"collection":[{"href":"https:\/\/calvagni.com\/es\/wp-json\/wp\/v2\/product"}],"about":[{"href":"https:\/\/calvagni.com\/es\/wp-json\/wp\/v2\/types\/product"}],"replies":[{"embeddable":true,"href":"https:\/\/calvagni.com\/es\/wp-json\/wp\/v2\/comments?post=6277"}],"wp:featuredmedia":[{"embeddable":true,"href":"https:\/\/calvagni.com\/es\/wp-json\/wp\/v2\/media\/6194"}],"wp:attachment":[{"href":"https:\/\/calvagni.com\/es\/wp-json\/wp\/v2\/media?parent=6277"}],"wp:term":[{"taxonomy":"collections","embeddable":true,"href":"https:\/\/calvagni.com\/es\/wp-json\/wp\/v2\/collections?post=6277"},{"taxonomy":"compression","embeddable":true,"href":"https:\/\/calvagni.com\/es\/wp-json\/wp\/v2\/compression?post=6277"},{"taxonomy":"fabric","embeddable":true,"href":"https:\/\/calvagni.com\/es\/wp-json\/wp\/v2\/fabric?post=6277"},{"taxonomy":"movements","embeddable":true,"href":"https:\/\/calvagni.com\/es\/wp-json\/wp\/v2\/movements?post=6277"},{"taxonomy":"support","embeddable":true,"href":"https:\/\/calvagni.com\/es\/wp-json\/wp\/v2\/support?post=6277"},{"taxonomy":"product_brand","embeddable":true,"href":"https:\/\/calvagni.com\/es\/wp-json\/wp\/v2\/product_brand?post=6277"},{"taxonomy":"product_cat","embeddable":true,"href":"https:\/\/calvagni.com\/es\/wp-json\/wp\/v2\/product_cat?post=6277"},{"taxonomy":"product_tag","embeddable":true,"href":"https:\/\/calvagni.com\/es\/wp-json\/wp\/v2\/product_tag?post=6277"},{"taxonomy":"woo-feed-brand","embeddable":true,"href":"https:\/\/calvagni.com\/es\/wp-json\/wp\/v2\/woo-feed-brand?post=6277"}],"curies":[{"name":"wp","href":"https:\/\/api.w.org\/{rel}","templated":true}]}}