{"id":6792,"date":"2024-05-17T05:55:16","date_gmt":"2024-05-17T05:55:16","guid":{"rendered":"https:\/\/calvagni.com\/?post_type=product&#038;p=6792"},"modified":"2026-04-15T14:37:33","modified_gmt":"2026-04-15T14:37:33","slug":"minimal-short","status":"publish","type":"product","link":"https:\/\/calvagni.com\/es\/producto\/minimal-short\/","title":{"rendered":"Minimal Short"},"content":{"rendered":"<p>Short de Morely. Tejido acanalado. 15 cm.<\/p>\n<p><strong>Es perfecto porque:<\/strong><\/p>\n<ul>\n<li>Short leggings de morley blando ultra suave con tejido acanalado.<\/li>\n<li>Doble tejido en la cintura para mayor contenci\u00f3n .<\/li>\n<li>Un \u00edtem elegante y atemporal.<\/li>\n<\/ul>\n<p><strong>Es perfecto para:<\/strong><\/p>\n<ul>\n<li>Combinarlo con tus prendas favoritas.<\/li>\n<li>Tu lifestyle.<\/li>\n<\/ul>\n<p>Este \u00edtem pertenece a la Colecci\u00f3n Athleisure, no est\u00e1 dise\u00f1ado para entrenar.<\/p>\n<p><strong>Composici\u00f3n<\/strong>: 92% Poliamida, 8 % Elastano.<\/p>\n<p><strong>Cuidados<\/strong>: Este \u00edtem est\u00e1 fabricado con materiales delicados. Te recomendamos seguir las instrucciones de cuidado para mantener su belleza y calidad. Lavar a mano con agua fria. No usar blanqueador. No lavar en seco. No usar secadora. Planchar a temperatura baja. No planchar sobre estampa.<\/p>\n","protected":false},"excerpt":{"rendered":"<p>Cloe mide 171 cm. de alto y usa talla M.<\/p>\n","protected":false},"featured_media":6767,"comment_status":"open","ping_status":"closed","template":"","meta":{"_acf_changed":false,"inline_featured_image":false},"collections":[319],"compression":[305],"fabric":[368],"movements":[325],"support":[],"product_brand":[],"product_cat":[165,148,104],"product_tag":[],"woo-feed-brand":[],"class_list":{"0":"post-6792","1":"product","2":"type-product","3":"status-publish","4":"has-post-thumbnail","6":"collections-lounge-es","7":"compression-suave","8":"fabric-seamless-es","9":"movements-everyday-es","10":"product_cat-athleisure-es","11":"product_cat-bottoms-es","12":"product_cat-shorts-es","14":"first","15":"instock","16":"taxable","17":"shipping-taxable","18":"purchasable","19":"product-type-variable"},"acf":[],"_links":{"self":[{"href":"https:\/\/calvagni.com\/es\/wp-json\/wp\/v2\/product\/6792","targetHints":{"allow":["GET"]}}],"collection":[{"href":"https:\/\/calvagni.com\/es\/wp-json\/wp\/v2\/product"}],"about":[{"href":"https:\/\/calvagni.com\/es\/wp-json\/wp\/v2\/types\/product"}],"replies":[{"embeddable":true,"href":"https:\/\/calvagni.com\/es\/wp-json\/wp\/v2\/comments?post=6792"}],"wp:featuredmedia":[{"embeddable":true,"href":"https:\/\/calvagni.com\/es\/wp-json\/wp\/v2\/media\/6767"}],"wp:attachment":[{"href":"https:\/\/calvagni.com\/es\/wp-json\/wp\/v2\/media?parent=6792"}],"wp:term":[{"taxonomy":"collections","embeddable":true,"href":"https:\/\/calvagni.com\/es\/wp-json\/wp\/v2\/collections?post=6792"},{"taxonomy":"compression","embeddable":true,"href":"https:\/\/calvagni.com\/es\/wp-json\/wp\/v2\/compression?post=6792"},{"taxonomy":"fabric","embeddable":true,"href":"https:\/\/calvagni.com\/es\/wp-json\/wp\/v2\/fabric?post=6792"},{"taxonomy":"movements","embeddable":true,"href":"https:\/\/calvagni.com\/es\/wp-json\/wp\/v2\/movements?post=6792"},{"taxonomy":"support","embeddable":true,"href":"https:\/\/calvagni.com\/es\/wp-json\/wp\/v2\/support?post=6792"},{"taxonomy":"product_brand","embeddable":true,"href":"https:\/\/calvagni.com\/es\/wp-json\/wp\/v2\/product_brand?post=6792"},{"taxonomy":"product_cat","embeddable":true,"href":"https:\/\/calvagni.com\/es\/wp-json\/wp\/v2\/product_cat?post=6792"},{"taxonomy":"product_tag","embeddable":true,"href":"https:\/\/calvagni.com\/es\/wp-json\/wp\/v2\/product_tag?post=6792"},{"taxonomy":"woo-feed-brand","embeddable":true,"href":"https:\/\/calvagni.com\/es\/wp-json\/wp\/v2\/woo-feed-brand?post=6792"}],"curies":[{"name":"wp","href":"https:\/\/api.w.org\/{rel}","templated":true}]}}