{"id":6819,"date":"2024-05-17T05:55:16","date_gmt":"2024-05-17T05:55:16","guid":{"rendered":"https:\/\/calvagni.com\/?post_type=product&#038;p=6819"},"modified":"2026-04-15T14:37:07","modified_gmt":"2026-04-15T14:37:07","slug":"minimal-crop-top","status":"publish","type":"product","link":"https:\/\/calvagni.com\/es\/producto\/minimal-crop-top\/","title":{"rendered":"Minimal Crop Top"},"content":{"rendered":"<p>Crop top de Morely. Tejido acanalado.<\/p>\n<p><strong>Es perfecto porque:<\/strong><\/p>\n<ul>\n<li>Top de morley blando ultra suave con tejido acanalado.<\/li>\n<li>Doble tejido delantero para mayor contenci\u00f3n.<\/li>\n<li>Un \u00edtem elegante y atemporal.<\/li>\n<li>Incluye pads removibles.<\/li>\n<\/ul>\n<p><strong>Es perfecto para:<\/strong><\/p>\n<ul>\n<li>Combinarlo con tus prendas favoritas.<\/li>\n<li>Tu lifestyle.<\/li>\n<\/ul>\n<p>Este \u00edtem pertenece a la Colecci\u00f3n Athleisure, no est\u00e1 dise\u00f1ado para entrenar.<\/p>\n<p><strong>Composici\u00f3n<\/strong>: 92% Poliamida, 8 % Elastano. Pads: 100% Poli\u00e9ster.<\/p>\n<p><strong>Cuidados<\/strong>: Este \u00edtem est\u00e1 fabricado con materiales delicados. Te recomendamos seguir las instrucciones de cuidado para mantener su belleza y calidad. Lavar a mano con agua fria. No usar blanqueador. No lavar en seco. No usar secadora. Planchar a temperatura baja. No planchar sobre estampa.<\/p>\n","protected":false},"excerpt":{"rendered":"<p>Cloe mide 171 cm.\/67,4 in. de altura y usa talla M. Talla de busto 85 cm\/33,4 in.<\/p>\n","protected":false},"featured_media":6802,"comment_status":"open","ping_status":"closed","template":"","meta":{"_acf_changed":false,"inline_featured_image":false},"collections":[319],"compression":[],"fabric":[368],"movements":[325],"support":[301],"product_brand":[],"product_cat":[165,209,149],"product_tag":[],"woo-feed-brand":[],"class_list":{"0":"post-6819","1":"product","2":"type-product","3":"status-publish","4":"has-post-thumbnail","6":"collections-lounge-es","7":"fabric-seamless-es","8":"movements-everyday-es","9":"support-suave","10":"product_cat-athleisure-es","11":"product_cat-tank-tops-es","12":"product_cat-tops-es","14":"first","15":"instock","16":"taxable","17":"shipping-taxable","18":"purchasable","19":"product-type-variable"},"acf":[],"_links":{"self":[{"href":"https:\/\/calvagni.com\/es\/wp-json\/wp\/v2\/product\/6819","targetHints":{"allow":["GET"]}}],"collection":[{"href":"https:\/\/calvagni.com\/es\/wp-json\/wp\/v2\/product"}],"about":[{"href":"https:\/\/calvagni.com\/es\/wp-json\/wp\/v2\/types\/product"}],"replies":[{"embeddable":true,"href":"https:\/\/calvagni.com\/es\/wp-json\/wp\/v2\/comments?post=6819"}],"wp:featuredmedia":[{"embeddable":true,"href":"https:\/\/calvagni.com\/es\/wp-json\/wp\/v2\/media\/6802"}],"wp:attachment":[{"href":"https:\/\/calvagni.com\/es\/wp-json\/wp\/v2\/media?parent=6819"}],"wp:term":[{"taxonomy":"collections","embeddable":true,"href":"https:\/\/calvagni.com\/es\/wp-json\/wp\/v2\/collections?post=6819"},{"taxonomy":"compression","embeddable":true,"href":"https:\/\/calvagni.com\/es\/wp-json\/wp\/v2\/compression?post=6819"},{"taxonomy":"fabric","embeddable":true,"href":"https:\/\/calvagni.com\/es\/wp-json\/wp\/v2\/fabric?post=6819"},{"taxonomy":"movements","embeddable":true,"href":"https:\/\/calvagni.com\/es\/wp-json\/wp\/v2\/movements?post=6819"},{"taxonomy":"support","embeddable":true,"href":"https:\/\/calvagni.com\/es\/wp-json\/wp\/v2\/support?post=6819"},{"taxonomy":"product_brand","embeddable":true,"href":"https:\/\/calvagni.com\/es\/wp-json\/wp\/v2\/product_brand?post=6819"},{"taxonomy":"product_cat","embeddable":true,"href":"https:\/\/calvagni.com\/es\/wp-json\/wp\/v2\/product_cat?post=6819"},{"taxonomy":"product_tag","embeddable":true,"href":"https:\/\/calvagni.com\/es\/wp-json\/wp\/v2\/product_tag?post=6819"},{"taxonomy":"woo-feed-brand","embeddable":true,"href":"https:\/\/calvagni.com\/es\/wp-json\/wp\/v2\/woo-feed-brand?post=6819"}],"curies":[{"name":"wp","href":"https:\/\/api.w.org\/{rel}","templated":true}]}}