{"id":7202,"date":"2024-07-01T15:54:40","date_gmt":"2024-07-01T15:54:40","guid":{"rendered":"https:\/\/calvagni.com\/product\/v-top\/"},"modified":"2026-04-15T16:33:18","modified_gmt":"2026-04-15T16:33:18","slug":"v-top","status":"publish","type":"product","link":"https:\/\/calvagni.com\/es\/producto\/v-top\/","title":{"rendered":"V Top"},"content":{"rendered":"<p><span style=\"font-weight: 400;\">Top sin costuras. Delantera cruzada y espalda corte competicion.<\/span><\/p>\n<p><strong>Es perfecto porque:<\/strong><\/p>\n<ul>\n<li>Sujeci\u00f3n: Alta.<\/li>\n<li>Top de punto piqu\u00e9, con doble tejido en toda la prenda que brinda una contenci\u00f3n \u00f3ptima.<\/li>\n<li>Su dise\u00f1o cruzado en la parte delantera realza mientras brinda un gran soporte.<\/li>\n<li>Espalda abierta de competici\u00f3n.<\/li>\n<li>Costuras reforzadas.<\/li>\n<li>Incluye pads f\u00e1cilmente removibles.<\/li>\n<li>Soporte Medio &#8211; Alto.<\/li>\n<\/ul>\n<p><strong>Es perfecto para:<\/strong><\/p>\n<ul>\n<li>Entrenamientos de alto impacto<\/li>\n<li>Combinarlo con tu V Legging o V Short<\/li>\n<\/ul>\n<p><strong>Composici\u00f3n<\/strong>: 87% Nylon 13% Spandex, Pads: 100% Poli\u00e9ster.<\/p>\n<p><strong>Cuidados<\/strong>: Este \u00edtem est\u00e1 fabricado con materiales delicados. Te recomendamos seguir las instrucciones de cuidado para mantener su belleza y calidad. No planchar. Lavar a 30\u00b0. No usar blanqueador. No usar secadora. No lavar en seco.<\/p>\n<p>Cata mide 171 cm.\/67.3 in. de alto y usa talla XS. Talla de busto: 83 cm.\/32.6 in.<\/p>\n","protected":false},"excerpt":{"rendered":"<p><span style=\"font-weight: 400;\">Cata mide 171 cm. de altura y usa talla XS. Talla de busto: 83 cm.<\/span><\/p>\n","protected":false},"featured_media":7189,"comment_status":"open","ping_status":"closed","template":"","meta":{"_acf_changed":false,"inline_featured_image":false},"collections":[318],"compression":[],"fabric":[368],"movements":[323],"support":[302],"product_brand":[],"product_cat":[164,106,149],"product_tag":[238,257],"woo-feed-brand":[],"class_list":{"0":"post-7202","1":"product","2":"type-product","3":"status-publish","4":"has-post-thumbnail","6":"collections-essential-es","7":"fabric-seamless-es","8":"movements-hiit-es","9":"support-alta","10":"product_cat-active-es","11":"product_cat-sujetadores-deportivos","12":"product_cat-tops-es","13":"product_tag-juno-set-es","14":"product_tag-tops-sujecion-alta","16":"first","17":"instock","18":"taxable","19":"shipping-taxable","20":"purchasable","21":"product-type-variable"},"acf":[],"_links":{"self":[{"href":"https:\/\/calvagni.com\/es\/wp-json\/wp\/v2\/product\/7202","targetHints":{"allow":["GET"]}}],"collection":[{"href":"https:\/\/calvagni.com\/es\/wp-json\/wp\/v2\/product"}],"about":[{"href":"https:\/\/calvagni.com\/es\/wp-json\/wp\/v2\/types\/product"}],"replies":[{"embeddable":true,"href":"https:\/\/calvagni.com\/es\/wp-json\/wp\/v2\/comments?post=7202"}],"wp:featuredmedia":[{"embeddable":true,"href":"https:\/\/calvagni.com\/es\/wp-json\/wp\/v2\/media\/7189"}],"wp:attachment":[{"href":"https:\/\/calvagni.com\/es\/wp-json\/wp\/v2\/media?parent=7202"}],"wp:term":[{"taxonomy":"collections","embeddable":true,"href":"https:\/\/calvagni.com\/es\/wp-json\/wp\/v2\/collections?post=7202"},{"taxonomy":"compression","embeddable":true,"href":"https:\/\/calvagni.com\/es\/wp-json\/wp\/v2\/compression?post=7202"},{"taxonomy":"fabric","embeddable":true,"href":"https:\/\/calvagni.com\/es\/wp-json\/wp\/v2\/fabric?post=7202"},{"taxonomy":"movements","embeddable":true,"href":"https:\/\/calvagni.com\/es\/wp-json\/wp\/v2\/movements?post=7202"},{"taxonomy":"support","embeddable":true,"href":"https:\/\/calvagni.com\/es\/wp-json\/wp\/v2\/support?post=7202"},{"taxonomy":"product_brand","embeddable":true,"href":"https:\/\/calvagni.com\/es\/wp-json\/wp\/v2\/product_brand?post=7202"},{"taxonomy":"product_cat","embeddable":true,"href":"https:\/\/calvagni.com\/es\/wp-json\/wp\/v2\/product_cat?post=7202"},{"taxonomy":"product_tag","embeddable":true,"href":"https:\/\/calvagni.com\/es\/wp-json\/wp\/v2\/product_tag?post=7202"},{"taxonomy":"woo-feed-brand","embeddable":true,"href":"https:\/\/calvagni.com\/es\/wp-json\/wp\/v2\/woo-feed-brand?post=7202"}],"curies":[{"name":"wp","href":"https:\/\/api.w.org\/{rel}","templated":true}]}}