{"id":9455,"date":"2025-01-30T21:20:44","date_gmt":"2025-01-30T21:20:44","guid":{"rendered":"https:\/\/calvagni.com\/?post_type=product&#038;p=9455"},"modified":"2026-04-15T14:36:36","modified_gmt":"2026-04-15T14:36:36","slug":"harmony-top","status":"publish","type":"product","link":"https:\/\/calvagni.com\/es\/producto\/harmony-top\/","title":{"rendered":"Harmony Top"},"content":{"rendered":"<p>Top long de lycra.<\/p>\n<p><strong>Es perfecto porque:<\/strong><\/p>\n<ul>\n<li>Sujeci\u00f3n: Alta.<\/li>\n<li>Top long con efecto push-up.<\/li>\n<li>Confeccionado con doble tejido en la parte trasera para mayor contenci\u00f3n.<\/li>\n<li>Parte delantera reforzada con triple tejido para un mejor soporte.<\/li>\n<li>El\u00e1stico interno en bajo busto, que proporciona una sujeci\u00f3n firme pero c\u00f3moda.<\/li>\n<li>Los breteles cuentan con un el\u00e1sticos que garantizan la sujeci\u00f3n.<\/li>\n<li>Dise\u00f1o reforzado que brinda estabilidad y soporte en todo momento.<\/li>\n<li>Incluye pads f\u00e1cilmente removibles<\/li>\n<\/ul>\n<p><strong>Es perfecto para:<\/strong><\/p>\n<ul>\n<li>Pilates, Yoga &amp; Barre.<\/li>\n<li>Disfrutar de total libertad de movimiento, sin molestias.<\/li>\n<\/ul>\n<p><strong>Composici\u00f3n<\/strong>: 80% Nylon, 20% Elastano. Pads: 100% Poli\u00e9ster.<\/p>\n<p><strong>Cuidados<\/strong>: Este \u00edtem est\u00e1 fabricado con materiales delicados. Te recomendamos seguir estas instrucciones para mantener su belleza y calidad. Lavar a mano con agua fria. Secar en posici\u00f3n horizontal. No retorcer. No dejar en remojo. No usar secadora. No lavar en seco. No planchar. No someter la estampa al calor de plancha o vapor.<\/p>\n","protected":false},"excerpt":{"rendered":"<p>Mia mide 1,78 cm.\/70.07 in de alto y usa talla S. | Talla de busto: 83 cm.<\/p>\n","protected":false},"featured_media":9695,"comment_status":"closed","ping_status":"closed","template":"","meta":{"_acf_changed":false,"inline_featured_image":false},"collections":[315],"compression":[],"fabric":[369],"movements":[320],"support":[302],"product_brand":[],"product_cat":[164,106,149],"product_tag":[257],"woo-feed-brand":[],"class_list":{"0":"post-9455","1":"product","2":"type-product","3":"status-publish","4":"has-post-thumbnail","6":"collections-harmony-es","7":"fabric-spandex-es","8":"movements-yoga-pilates-es","9":"support-alta","10":"product_cat-active-es","11":"product_cat-sujetadores-deportivos","12":"product_cat-tops-es","13":"product_tag-tops-sujecion-alta","15":"first","16":"instock","17":"taxable","18":"shipping-taxable","19":"purchasable","20":"product-type-variable"},"acf":[],"_links":{"self":[{"href":"https:\/\/calvagni.com\/es\/wp-json\/wp\/v2\/product\/9455","targetHints":{"allow":["GET"]}}],"collection":[{"href":"https:\/\/calvagni.com\/es\/wp-json\/wp\/v2\/product"}],"about":[{"href":"https:\/\/calvagni.com\/es\/wp-json\/wp\/v2\/types\/product"}],"replies":[{"embeddable":true,"href":"https:\/\/calvagni.com\/es\/wp-json\/wp\/v2\/comments?post=9455"}],"wp:featuredmedia":[{"embeddable":true,"href":"https:\/\/calvagni.com\/es\/wp-json\/wp\/v2\/media\/9695"}],"wp:attachment":[{"href":"https:\/\/calvagni.com\/es\/wp-json\/wp\/v2\/media?parent=9455"}],"wp:term":[{"taxonomy":"collections","embeddable":true,"href":"https:\/\/calvagni.com\/es\/wp-json\/wp\/v2\/collections?post=9455"},{"taxonomy":"compression","embeddable":true,"href":"https:\/\/calvagni.com\/es\/wp-json\/wp\/v2\/compression?post=9455"},{"taxonomy":"fabric","embeddable":true,"href":"https:\/\/calvagni.com\/es\/wp-json\/wp\/v2\/fabric?post=9455"},{"taxonomy":"movements","embeddable":true,"href":"https:\/\/calvagni.com\/es\/wp-json\/wp\/v2\/movements?post=9455"},{"taxonomy":"support","embeddable":true,"href":"https:\/\/calvagni.com\/es\/wp-json\/wp\/v2\/support?post=9455"},{"taxonomy":"product_brand","embeddable":true,"href":"https:\/\/calvagni.com\/es\/wp-json\/wp\/v2\/product_brand?post=9455"},{"taxonomy":"product_cat","embeddable":true,"href":"https:\/\/calvagni.com\/es\/wp-json\/wp\/v2\/product_cat?post=9455"},{"taxonomy":"product_tag","embeddable":true,"href":"https:\/\/calvagni.com\/es\/wp-json\/wp\/v2\/product_tag?post=9455"},{"taxonomy":"woo-feed-brand","embeddable":true,"href":"https:\/\/calvagni.com\/es\/wp-json\/wp\/v2\/woo-feed-brand?post=9455"}],"curies":[{"name":"wp","href":"https:\/\/api.w.org\/{rel}","templated":true}]}}